{"id":5475,"date":"2025-09-06T08:08:32","date_gmt":"2025-09-06T08:08:32","guid":{"rendered":"https:\/\/scollection.co\/?post_type=product&#038;p=5475"},"modified":"2026-02-10T00:45:35","modified_gmt":"2026-02-10T00:45:35","slug":"t-shirt-a-personnaliser-avec-nom-et-numero","status":"publish","type":"product","link":"https:\/\/scollection.co\/en\/product\/t-shirt-a-personnaliser-avec-nom-et-numero\/","title":{"rendered":"T-shirt \u00e0 personnaliser avec nom et num\u00e9ro"},"content":{"rendered":"<p><strong data-start=\"92\" data-end=\"115\">T-shirt \u00e0 personnaliser\u00a0<\/strong><br data-start=\"120\" data-end=\"123\" \/>Un incontournable du style, \u00e0 la fois sobre et \u00e9l\u00e9gant. Con\u00e7u en <strong data-start=\"188\" data-end=\"220\">100% coton doux et r\u00e9sistant<\/strong>, il offre un confort exceptionnel et une durabilit\u00e9 optimale. Parfait pour afficher fi\u00e8rement les couleurs de la France tout en profitant d\u2019un v\u00eatement de qualit\u00e9 sup\u00e9rieure.<\/p>\n","protected":false},"excerpt":{"rendered":"<p>Vous avez la possibilit\u00e9 d\u2019imprimer le design <strong data-start=\"578\" data-end=\"591\">\u00e0 l\u2019avant<\/strong> et <strong data-start=\"595\" data-end=\"610\">\u00e0 l\u2019arri\u00e8re<\/strong> du t-shirt.<br data-start=\"622\" data-end=\"625\" \/>\ud83d\udc49 Merci de le pr\u00e9ciser dans la case <strong data-start=\"662\" data-end=\"677\" data-is-only-node=\"\">commentaire<\/strong> le nom et le num\u00e9ro \u00e0 imprimer, avant de valider votre commande.<\/p>\n","protected":false},"featured_media":5483,"comment_status":"open","ping_status":"closed","template":"","meta":[],"product_brand":[101],"product_cat":[99],"product_tag":[],"class_list":{"0":"post-5475","1":"product","2":"type-product","3":"status-publish","4":"has-post-thumbnail","6":"product_brand-scollection","7":"product_cat-t-shirt","9":"first","10":"instock","11":"shipping-taxable","12":"purchasable","13":"product-type-variable"},"_links":{"self":[{"href":"https:\/\/scollection.co\/en\/wp-json\/wp\/v2\/product\/5475","targetHints":{"allow":["GET"]}}],"collection":[{"href":"https:\/\/scollection.co\/en\/wp-json\/wp\/v2\/product"}],"about":[{"href":"https:\/\/scollection.co\/en\/wp-json\/wp\/v2\/types\/product"}],"replies":[{"embeddable":true,"href":"https:\/\/scollection.co\/en\/wp-json\/wp\/v2\/comments?post=5475"}],"wp:featuredmedia":[{"embeddable":true,"href":"https:\/\/scollection.co\/en\/wp-json\/wp\/v2\/media\/5483"}],"wp:attachment":[{"href":"https:\/\/scollection.co\/en\/wp-json\/wp\/v2\/media?parent=5475"}],"wp:term":[{"taxonomy":"product_brand","embeddable":true,"href":"https:\/\/scollection.co\/en\/wp-json\/wp\/v2\/product_brand?post=5475"},{"taxonomy":"product_cat","embeddable":true,"href":"https:\/\/scollection.co\/en\/wp-json\/wp\/v2\/product_cat?post=5475"},{"taxonomy":"product_tag","embeddable":true,"href":"https:\/\/scollection.co\/en\/wp-json\/wp\/v2\/product_tag?post=5475"}],"curies":[{"name":"wp","href":"https:\/\/api.w.org\/{rel}","templated":true}]}}