{"id":14,"date":"2025-04-27T04:54:05","date_gmt":"2025-04-27T04:54:05","guid":{"rendered":"https:\/\/scollection.co\/blog\/"},"modified":"2025-05-02T04:15:07","modified_gmt":"2025-05-02T04:15:07","slug":"blog","status":"publish","type":"page","link":"https:\/\/scollection.co\/fr\/blog\/","title":{"rendered":"Blog"},"content":{"rendered":"<div data-elementor-type=\"wp-page\" data-elementor-id=\"14\" class=\"elementor elementor-14\" data-elementor-post-type=\"page\">\n\t\t\t\t<div class=\"elementor-element elementor-element-93c046d e-flex e-con-boxed e-con e-parent\" data-id=\"93c046d\" data-element_type=\"container\">\n\t\t\t\t\t<div class=\"e-con-inner\">\n\t\t\t\t<div class=\"elementor-element elementor-element-102b96d elementor-widget elementor-widget-heading\" data-id=\"102b96d\" data-element_type=\"widget\" data-widget_type=\"heading.default\">\n\t\t\t\t<div class=\"elementor-widget-container\">\n\t\t\t\t\t<h2 class=\"elementor-heading-title elementor-size-default\">BLOG<\/h2>\t\t\t\t<\/div>\n\t\t\t\t<\/div>\n\t\t\t\t\t<\/div>\n\t\t\t\t<\/div>\n\t\t<div class=\"elementor-element elementor-element-d2007ac e-flex e-con-boxed e-con e-parent\" data-id=\"d2007ac\" data-element_type=\"container\">\n\t\t\t\t\t<div class=\"e-con-inner\">\n\t\t\t\t<div class=\"elementor-element elementor-element-0e80abf elementor-grid-3 elementor-grid-tablet-2 elementor-grid-mobile-1 elementor-posts--thumbnail-top elementor-card-shadow-yes elementor-posts__hover-gradient load-more-align-center elementor-widget elementor-widget-posts\" data-id=\"0e80abf\" data-element_type=\"widget\" data-settings=\"{&quot;pagination_type&quot;:&quot;load_more_on_click&quot;,&quot;cards_columns&quot;:&quot;3&quot;,&quot;cards_columns_tablet&quot;:&quot;2&quot;,&quot;cards_columns_mobile&quot;:&quot;1&quot;,&quot;cards_row_gap&quot;:{&quot;unit&quot;:&quot;px&quot;,&quot;size&quot;:35,&quot;sizes&quot;:[]},&quot;cards_row_gap_tablet&quot;:{&quot;unit&quot;:&quot;px&quot;,&quot;size&quot;:&quot;&quot;,&quot;sizes&quot;:[]},&quot;cards_row_gap_mobile&quot;:{&quot;unit&quot;:&quot;px&quot;,&quot;size&quot;:&quot;&quot;,&quot;sizes&quot;:[]},&quot;load_more_spinner&quot;:{&quot;value&quot;:&quot;fas fa-spinner&quot;,&quot;library&quot;:&quot;fa-solid&quot;}}\" data-widget_type=\"posts.cards\">\n\t\t\t\t<div class=\"elementor-widget-container\">\n\t\t\t\t\t\t\t<div class=\"elementor-posts-container elementor-posts elementor-posts--skin-cards elementor-grid\">\n\t\t\t\t<article class=\"elementor-post elementor-grid-item post-3378 post type-post status-publish format-standard has-post-thumbnail hentry category-collection\">\n\t\t\t<div class=\"elementor-post__card\">\n\t\t\t\t<a class=\"elementor-post__thumbnail__link\" href=\"https:\/\/scollection.co\/fr\/athleisure-elevated-sweatshirts-trousers-for-every-move\/\" tabindex=\"-1\" ><div class=\"elementor-post__thumbnail\"><img fetchpriority=\"high\" decoding=\"async\" width=\"300\" height=\"200\" src=\"https:\/\/scollection.co\/wp-content\/uploads\/2025\/05\/WhatsApp-Image-2025-05-18-at-23.03.25-300x200.jpeg\" class=\"attachment-medium size-medium wp-image-4795\" alt=\"\" srcset=\"https:\/\/scollection.co\/wp-content\/uploads\/2025\/05\/WhatsApp-Image-2025-05-18-at-23.03.25-300x200.jpeg 300w, https:\/\/scollection.co\/wp-content\/uploads\/2025\/05\/WhatsApp-Image-2025-05-18-at-23.03.25-81x54.jpeg 81w, https:\/\/scollection.co\/wp-content\/uploads\/2025\/05\/WhatsApp-Image-2025-05-18-at-23.03.25-600x400.jpeg 600w, https:\/\/scollection.co\/wp-content\/uploads\/2025\/05\/WhatsApp-Image-2025-05-18-at-23.03.25-1024x683.jpeg 1024w, https:\/\/scollection.co\/wp-content\/uploads\/2025\/05\/WhatsApp-Image-2025-05-18-at-23.03.25-768x512.jpeg 768w, https:\/\/scollection.co\/wp-content\/uploads\/2025\/05\/WhatsApp-Image-2025-05-18-at-23.03.25-18x12.jpeg 18w, https:\/\/scollection.co\/wp-content\/uploads\/2025\/05\/WhatsApp-Image-2025-05-18-at-23.03.25.jpeg 1536w\" sizes=\"(max-width: 300px) 100vw, 300px\" \/><\/div><\/a>\n\t\t\t\t<div class=\"elementor-post__text\">\n\t\t\t\t<h3 class=\"elementor-post__title\">\n\t\t\t<a href=\"https:\/\/scollection.co\/fr\/athleisure-elevated-sweatshirts-trousers-for-every-move\/\" >\n\t\t\t\tR\u00e9v\u00e9lez votre style : la personnalisation de v\u00eatements gr\u00e2ce \u00e0 l&#039;impression DTF\t\t\t<\/a>\n\t\t<\/h3>\n\t\t\t\t<div class=\"elementor-post__excerpt\">\n\t\t\t<p>Personnaliser ses v\u00eatements n&#039;a jamais \u00e9t\u00e9 aussi simple et cr\u00e9atif gr\u00e2ce \u00e0 l&#039;impression DTF. Cette technique moderne permet de transf\u00e9rer n&#039;importe quel visuel sur du textile, avec une qualit\u00e9 professionnelle et des couleurs \u00e9clatantes. Que ce soit pour un t-shirt unique, un sweat \u00e0 capuche styl\u00e9 ou un polo personnalis\u00e9, le DTF offre une libert\u00e9 totale pour exprimer son style.<\/p>\n\t\t<\/div>\n\t\t\t\t<\/div>\n\t\t\t\t<div class=\"elementor-post__meta-data\">\n\t\t\t\t\t<span class=\"elementor-post-date\">\n\t\t\t18 mai 2025\t\t<\/span>\n\t\t\t\t<\/div>\n\t\t\t\t\t<\/div>\n\t\t<\/article>\n\t\t\t\t<article class=\"elementor-post elementor-grid-item post-3376 post type-post status-publish format-standard has-post-thumbnail hentry category-clothing\">\n\t\t\t<div class=\"elementor-post__card\">\n\t\t\t\t<a class=\"elementor-post__thumbnail__link\" href=\"https:\/\/scollection.co\/fr\/pourquoi-choisir-des-vetements-100-coton-le-confort-au-naturel\/\" tabindex=\"-1\" ><div class=\"elementor-post__thumbnail\"><img decoding=\"async\" width=\"300\" height=\"300\" src=\"https:\/\/scollection.co\/wp-content\/uploads\/2025\/05\/WhatsApp-Image-2025-05-18-at-23.04.44_c1c3a71e-300x300.jpg\" class=\"attachment-medium size-medium wp-image-4806\" alt=\"\" srcset=\"https:\/\/scollection.co\/wp-content\/uploads\/2025\/05\/WhatsApp-Image-2025-05-18-at-23.04.44_c1c3a71e-300x300.jpg 300w, https:\/\/scollection.co\/wp-content\/uploads\/2025\/05\/WhatsApp-Image-2025-05-18-at-23.04.44_c1c3a71e-54x54.jpg 54w, https:\/\/scollection.co\/wp-content\/uploads\/2025\/05\/WhatsApp-Image-2025-05-18-at-23.04.44_c1c3a71e-600x600.jpg 600w, https:\/\/scollection.co\/wp-content\/uploads\/2025\/05\/WhatsApp-Image-2025-05-18-at-23.04.44_c1c3a71e-150x150.jpg 150w, https:\/\/scollection.co\/wp-content\/uploads\/2025\/05\/WhatsApp-Image-2025-05-18-at-23.04.44_c1c3a71e-768x768.jpg 768w, https:\/\/scollection.co\/wp-content\/uploads\/2025\/05\/WhatsApp-Image-2025-05-18-at-23.04.44_c1c3a71e-12x12.jpg 12w, https:\/\/scollection.co\/wp-content\/uploads\/2025\/05\/WhatsApp-Image-2025-05-18-at-23.04.44_c1c3a71e-450x450.jpg 450w, https:\/\/scollection.co\/wp-content\/uploads\/2025\/05\/WhatsApp-Image-2025-05-18-at-23.04.44_c1c3a71e.jpg 1024w\" sizes=\"(max-width: 300px) 100vw, 300px\" \/><\/div><\/a>\n\t\t\t\t<div class=\"elementor-post__text\">\n\t\t\t\t<h3 class=\"elementor-post__title\">\n\t\t\t<a href=\"https:\/\/scollection.co\/fr\/pourquoi-choisir-des-vetements-100-coton-le-confort-au-naturel\/\" >\n\t\t\t\tPourquoi choisir des v\u00eatements 100 % coton ? Le confort au naturel\t\t\t<\/a>\n\t\t<\/h3>\n\t\t\t\t<div class=\"elementor-post__excerpt\">\n\t\t\t<p>D\u00e9couvrez le confort et le style ultimes avec nos t-shirts et polos, vos essentiels du quotidien, red\u00e9finis pour une vie moderne et des looks sans effort.<\/p>\n\t\t<\/div>\n\t\t\t\t<\/div>\n\t\t\t\t<div class=\"elementor-post__meta-data\">\n\t\t\t\t\t<span class=\"elementor-post-date\">\n\t\t\t18 mai 2025\t\t<\/span>\n\t\t\t\t<\/div>\n\t\t\t\t\t<\/div>\n\t\t<\/article>\n\t\t\t\t<article class=\"elementor-post elementor-grid-item post-3373 post type-post status-publish format-standard has-post-thumbnail hentry category-fashion\">\n\t\t\t<div class=\"elementor-post__card\">\n\t\t\t\t<a class=\"elementor-post__thumbnail__link\" href=\"https:\/\/scollection.co\/fr\/winter-wardrobe-essentials-hoodies-jackets-that-make-a-statement\/\" tabindex=\"-1\" ><div class=\"elementor-post__thumbnail\"><img decoding=\"async\" width=\"300\" height=\"200\" src=\"https:\/\/scollection.co\/wp-content\/uploads\/2025\/05\/WhatsApp-Image-2025-05-18-at-23.06.18_cd08d8e2-300x200.jpg\" class=\"attachment-medium size-medium wp-image-4829\" alt=\"\" srcset=\"https:\/\/scollection.co\/wp-content\/uploads\/2025\/05\/WhatsApp-Image-2025-05-18-at-23.06.18_cd08d8e2-300x200.jpg 300w, https:\/\/scollection.co\/wp-content\/uploads\/2025\/05\/WhatsApp-Image-2025-05-18-at-23.06.18_cd08d8e2-81x54.jpg 81w, https:\/\/scollection.co\/wp-content\/uploads\/2025\/05\/WhatsApp-Image-2025-05-18-at-23.06.18_cd08d8e2-600x400.jpg 600w, https:\/\/scollection.co\/wp-content\/uploads\/2025\/05\/WhatsApp-Image-2025-05-18-at-23.06.18_cd08d8e2-1024x683.jpg 1024w, https:\/\/scollection.co\/wp-content\/uploads\/2025\/05\/WhatsApp-Image-2025-05-18-at-23.06.18_cd08d8e2-768x512.jpg 768w, https:\/\/scollection.co\/wp-content\/uploads\/2025\/05\/WhatsApp-Image-2025-05-18-at-23.06.18_cd08d8e2-18x12.jpg 18w, https:\/\/scollection.co\/wp-content\/uploads\/2025\/05\/WhatsApp-Image-2025-05-18-at-23.06.18_cd08d8e2.jpg 1536w\" sizes=\"(max-width: 300px) 100vw, 300px\" \/><\/div><\/a>\n\t\t\t\t<div class=\"elementor-post__text\">\n\t\t\t\t<h3 class=\"elementor-post__title\">\n\t\t\t<a href=\"https:\/\/scollection.co\/fr\/winter-wardrobe-essentials-hoodies-jackets-that-make-a-statement\/\" >\n\t\t\t\tLes essentiels mode \u00e0 personnaliser pour chaque saison : printemps\/\u00e9t\u00e9 &amp; automne\/hiver\t\t\t<\/a>\n\t\t<\/h3>\n\t\t\t\t<div class=\"elementor-post__excerpt\">\n\t\t\t<p>Restez au chaud et \u00e9l\u00e9gant avec nos essentiels d&#039;hiver : des sweats \u00e0 capuche et des vestes haut de gamme con\u00e7us pour le confort, la durabilit\u00e9 et le style quotidien par temps froid.<\/p>\n\t\t<\/div>\n\t\t\t\t<\/div>\n\t\t\t\t<div class=\"elementor-post__meta-data\">\n\t\t\t\t\t<span class=\"elementor-post-date\">\n\t\t\t20 mai 2025\t\t<\/span>\n\t\t\t\t<\/div>\n\t\t\t\t\t<\/div>\n\t\t<\/article>\n\t\t\t\t<\/div>\n\t\t\t\t\t<span class=\"e-load-more-spinner\">\n\t\t\t\t<svg aria-hidden=\"true\" class=\"e-font-icon-svg e-fas-spinner\" viewbox=\"0 0 512 512\" xmlns=\"http:\/\/www.w3.org\/2000\/svg\"><path d=\"M304 48c0 26.51-21.49 48-48 48s-48-21.49-48-48 21.49-48 48-48 48 21.49 48 48zm-48 368c-26.51 0-48 21.49-48 48s21.49 48 48 48 48-21.49 48-48-21.49-48-48-48zm208-208c-26.51 0-48 21.49-48 48s21.49 48 48 48 48-21.49 48-48-21.49-48-48-48zM96 256c0-26.51-21.49-48-48-48S0 229.49 0 256s21.49 48 48 48 48-21.49 48-48zm12.922 99.078c-26.51 0-48 21.49-48 48s21.49 48 48 48 48-21.49 48-48c0-26.509-21.491-48-48-48zm294.156 0c-26.51 0-48 21.49-48 48s21.49 48 48 48 48-21.49 48-48c0-26.509-21.49-48-48-48zM108.922 60.922c-26.51 0-48 21.49-48 48s21.49 48 48 48 48-21.49 48-48-21.491-48-48-48z\"><\/path><\/svg>\t\t\t<\/span>\n\t\t\n\t\t\t\t\t\t<\/div>\n\t\t\t\t<\/div>\n\t\t\t\t\t<\/div>\n\t\t\t\t<\/div>\n\t\t\t\t<\/div>","protected":false},"excerpt":{"rendered":"<p>BLOG<\/p>","protected":false},"author":1,"featured_media":0,"parent":0,"menu_order":0,"comment_status":"closed","ping_status":"closed","template":"","meta":{"footnotes":""},"class_list":["post-14","page","type-page","status-publish","hentry"],"_links":{"self":[{"href":"https:\/\/scollection.co\/fr\/wp-json\/wp\/v2\/pages\/14","targetHints":{"allow":["GET"]}}],"collection":[{"href":"https:\/\/scollection.co\/fr\/wp-json\/wp\/v2\/pages"}],"about":[{"href":"https:\/\/scollection.co\/fr\/wp-json\/wp\/v2\/types\/page"}],"author":[{"embeddable":true,"href":"https:\/\/scollection.co\/fr\/wp-json\/wp\/v2\/users\/1"}],"replies":[{"embeddable":true,"href":"https:\/\/scollection.co\/fr\/wp-json\/wp\/v2\/comments?post=14"}],"version-history":[{"count":14,"href":"https:\/\/scollection.co\/fr\/wp-json\/wp\/v2\/pages\/14\/revisions"}],"predecessor-version":[{"id":3445,"href":"https:\/\/scollection.co\/fr\/wp-json\/wp\/v2\/pages\/14\/revisions\/3445"}],"wp:attachment":[{"href":"https:\/\/scollection.co\/fr\/wp-json\/wp\/v2\/media?parent=14"}],"curies":[{"name":"wp","href":"https:\/\/api.w.org\/{rel}","templated":true}]}}