{"id":1996,"date":"2022-05-31T11:04:06","date_gmt":"2022-05-31T11:04:06","guid":{"rendered":"https:\/\/klbtheme.com\/clotya\/?page_id=1996"},"modified":"2025-05-07T11:23:36","modified_gmt":"2025-05-07T11:23:36","slug":"about-us","status":"publish","type":"page","link":"https:\/\/scollection.co\/fr\/about-us\/","title":{"rendered":"\u00c0 propos de nous"},"content":{"rendered":"<div data-elementor-type=\"wp-page\" data-elementor-id=\"1996\" class=\"elementor elementor-1996\" data-elementor-post-type=\"page\">\n\t\t\t\t\t\t<section class=\"elementor-section elementor-top-section elementor-element elementor-element-7f11364 elementor-section-full_width elementor-section-height-default elementor-section-height-default\" data-id=\"7f11364\" data-element_type=\"section\">\n\t\t\t\t\t\t<div class=\"elementor-container elementor-column-gap-no\">\n\t\t\t\t\t<div class=\"elementor-column elementor-col-100 elementor-top-column elementor-element elementor-element-18baa61\" data-id=\"18baa61\" data-element_type=\"column\">\n\t\t\t<div class=\"elementor-widget-wrap elementor-element-populated\">\n\t\t\t\t\t\t<div class=\"elementor-element elementor-element-2e42ee9 elementor-widget elementor-widget-image\" data-id=\"2e42ee9\" data-element_type=\"widget\" data-widget_type=\"image.default\">\n\t\t\t\t<div class=\"elementor-widget-container\">\n\t\t\t\t\t\t\t\t\t\t\t\t\t\t\t<img decoding=\"async\" src=\"https:\/\/scollection.co\/wp-content\/uploads\/elementor\/thumbs\/image-12-r4ylqod1vru80d79hf58pvizzhyi2a93187ytilb7c.jpg\" title=\"image-12\" alt=\"image-12\" loading=\"lazy\" \/>\t\t\t\t\t\t\t\t\t\t\t\t\t\t\t<\/div>\n\t\t\t\t<\/div>\n\t\t\t\t\t<\/div>\n\t\t<\/div>\n\t\t\t\t\t<\/div>\n\t\t<\/section>\n\t\t\t\t<section class=\"elementor-section elementor-top-section elementor-element elementor-element-f33da4a elementor-section-boxed elementor-section-height-default elementor-section-height-default\" data-id=\"f33da4a\" data-element_type=\"section\">\n\t\t\t\t\t\t<div class=\"elementor-container elementor-column-gap-extended\">\n\t\t\t\t\t<div class=\"elementor-column elementor-col-25 elementor-top-column elementor-element elementor-element-a086cbb\" data-id=\"a086cbb\" data-element_type=\"column\">\n\t\t\t<div class=\"elementor-widget-wrap elementor-element-populated\">\n\t\t\t\t\t\t\t<\/div>\n\t\t<\/div>\n\t\t\t\t<div class=\"elementor-column elementor-col-25 elementor-top-column elementor-element elementor-element-12f75c8\" data-id=\"12f75c8\" data-element_type=\"column\">\n\t\t\t<div class=\"elementor-widget-wrap elementor-element-populated\">\n\t\t\t\t\t\t<div class=\"elementor-element elementor-element-6872711 elementor-widget elementor-widget-heading\" data-id=\"6872711\" data-element_type=\"widget\" data-widget_type=\"heading.default\">\n\t\t\t\t<div class=\"elementor-widget-container\">\n\t\t\t\t\t<h4 class=\"elementor-heading-title elementor-size-default\">\u00c0 PROPOS DE SCOLLECTION<\/h4>\t\t\t\t<\/div>\n\t\t\t\t<\/div>\n\t\t\t\t<div class=\"elementor-element elementor-element-6ef8f6e elementor-widget elementor-widget-heading\" data-id=\"6ef8f6e\" data-element_type=\"widget\" data-widget_type=\"heading.default\">\n\t\t\t\t<div class=\"elementor-widget-container\">\n\t\t\t\t\t<h2 class=\"elementor-heading-title elementor-size-default\">Qui sommes-nous ?<\/h2>\t\t\t\t<\/div>\n\t\t\t\t<\/div>\n\t\t\t\t\t<\/div>\n\t\t<\/div>\n\t\t\t\t<div class=\"elementor-column elementor-col-50 elementor-top-column elementor-element elementor-element-b2d84a0\" data-id=\"b2d84a0\" data-element_type=\"column\">\n\t\t\t<div class=\"elementor-widget-wrap elementor-element-populated\">\n\t\t\t\t\t\t\t<\/div>\n\t\t<\/div>\n\t\t\t\t\t<\/div>\n\t\t<\/section>\n\t\t\t\t<section class=\"elementor-section elementor-top-section elementor-element elementor-element-7be8ef1 elementor-section-boxed elementor-section-height-default elementor-section-height-default\" data-id=\"7be8ef1\" data-element_type=\"section\">\n\t\t\t\t\t\t<div class=\"elementor-container elementor-column-gap-extended\">\n\t\t\t\t\t<div class=\"elementor-column elementor-col-100 elementor-top-column elementor-element elementor-element-64b4716\" data-id=\"64b4716\" data-element_type=\"column\">\n\t\t\t<div class=\"elementor-widget-wrap elementor-element-populated\">\n\t\t\t\t\t\t<div class=\"elementor-element elementor-element-cfc3bfa elementor-widget elementor-widget-heading\" data-id=\"cfc3bfa\" data-element_type=\"widget\" data-widget_type=\"heading.default\">\n\t\t\t\t<div class=\"elementor-widget-container\">\n\t\t\t\t\t<p class=\"elementor-heading-title elementor-size-default\"><p data-start=\"94\" data-end=\"287\">Chez Scollection, nous sommes convaincus que chaque v\u00eatement raconte une histoire unique. Sp\u00e9cialis\u00e9s dans les transferts DTF (Direct To Film), nous donnons vie \u00e0 vos id\u00e9es gr\u00e2ce \u00e0 des cr\u00e9ations personnalis\u00e9es originales et \u00e9l\u00e9gantes.<\/p>\n<p data-start=\"289\" data-end=\"464\">Nous proposons une large gamme de v\u00eatements de haute qualit\u00e9 \u2014 sweats \u00e0 capuche, pantalons de jogging, sweat-shirts, polos et t-shirts \u2014 tous fabriqu\u00e9s en coton 100% pour un confort et une durabilit\u00e9 maximum.<\/p>\n<p data-start=\"466\" data-end=\"663\">Engag\u00e9s pour un avenir plus durable, nous sommes fiers de fabriquer tous nos produits gr\u00e2ce \u00e0 l&#039;\u00e9nergie solaire. Chaque pi\u00e8ce que vous portez refl\u00e8te un savoir-faire exceptionnel et un profond respect de l&#039;environnement.<\/p>\n<p data-start=\"665\" data-end=\"740\">Rejoignez notre monde o\u00f9 cr\u00e9ativit\u00e9, qualit\u00e9 et durabilit\u00e9 se rencontrent !<\/p><\/p>\t\t\t\t<\/div>\n\t\t\t\t<\/div>\n\t\t\t\t\t<\/div>\n\t\t<\/div>\n\t\t\t\t\t<\/div>\n\t\t<\/section>\n\t\t\t\t<section class=\"elementor-section elementor-top-section elementor-element elementor-element-330b500 elementor-section-boxed elementor-section-height-default elementor-section-height-default\" data-id=\"330b500\" data-element_type=\"section\">\n\t\t\t\t\t\t<div class=\"elementor-container elementor-column-gap-extended\">\n\t\t\t\t\t<div class=\"elementor-column elementor-col-100 elementor-top-column elementor-element elementor-element-8f40a3d\" data-id=\"8f40a3d\" data-element_type=\"column\">\n\t\t\t<div class=\"elementor-widget-wrap elementor-element-populated\">\n\t\t\t\t\t\t<div class=\"elementor-element elementor-element-97e3b65 elementor-widget-divider--view-line elementor-widget elementor-widget-divider\" data-id=\"97e3b65\" data-element_type=\"widget\" data-widget_type=\"divider.default\">\n\t\t\t\t<div class=\"elementor-widget-container\">\n\t\t\t\t\t\t\t<div class=\"elementor-divider\">\n\t\t\t<span class=\"elementor-divider-separator\">\n\t\t\t\t\t\t<\/span>\n\t\t<\/div>\n\t\t\t\t\t\t<\/div>\n\t\t\t\t<\/div>\n\t\t\t\t\t<\/div>\n\t\t<\/div>\n\t\t\t\t\t<\/div>\n\t\t<\/section>\n\t\t\t\t<\/div>","protected":false},"excerpt":{"rendered":"<p>ABOUT SCOLLECTION Who are we ? At Scollection, we believe every garment tells a unique story. Specializing in DTF (Direct To Film) transfers, we bring your ideas to life through original and stylish custom designs. We offer a wide range of high-quality apparel \u2014 hoodies, jogger pants, sweatshirts, polo shirts, and t-shirts \u2014 all made<\/p>\n<div class=\"klb-readmore entry-button\"><a class=\"btn link\" href=\"https:\/\/scollection.co\/fr\/about-us\/\">Read More <i class=\"klbth-icon-right-arrow\"><\/i><\/a><\/div>","protected":false},"author":1,"featured_media":0,"parent":0,"menu_order":0,"comment_status":"closed","ping_status":"closed","template":"","meta":{"footnotes":""},"class_list":["post-1996","page","type-page","status-publish","hentry"],"_links":{"self":[{"href":"https:\/\/scollection.co\/fr\/wp-json\/wp\/v2\/pages\/1996","targetHints":{"allow":["GET"]}}],"collection":[{"href":"https:\/\/scollection.co\/fr\/wp-json\/wp\/v2\/pages"}],"about":[{"href":"https:\/\/scollection.co\/fr\/wp-json\/wp\/v2\/types\/page"}],"author":[{"embeddable":true,"href":"https:\/\/scollection.co\/fr\/wp-json\/wp\/v2\/users\/1"}],"replies":[{"embeddable":true,"href":"https:\/\/scollection.co\/fr\/wp-json\/wp\/v2\/comments?post=1996"}],"version-history":[{"count":5,"href":"https:\/\/scollection.co\/fr\/wp-json\/wp\/v2\/pages\/1996\/revisions"}],"predecessor-version":[{"id":3821,"href":"https:\/\/scollection.co\/fr\/wp-json\/wp\/v2\/pages\/1996\/revisions\/3821"}],"wp:attachment":[{"href":"https:\/\/scollection.co\/fr\/wp-json\/wp\/v2\/media?parent=1996"}],"curies":[{"name":"wp","href":"https:\/\/api.w.org\/{rel}","templated":true}]}}