{"id":2304,"date":"2022-06-04T12:20:39","date_gmt":"2022-06-04T12:20:39","guid":{"rendered":"https:\/\/klbtheme.com\/clotya\/?page_id=2304"},"modified":"2025-05-07T13:58:51","modified_gmt":"2025-05-07T13:58:51","slug":"terms-and-conditions","status":"publish","type":"page","link":"https:\/\/scollection.co\/fr\/terms-and-conditions\/","title":{"rendered":"Termes et conditions"},"content":{"rendered":"<div data-elementor-type=\"wp-page\" data-elementor-id=\"2304\" class=\"elementor elementor-2304\" data-elementor-post-type=\"page\">\n\t\t\t\t\t\t<section class=\"elementor-section elementor-top-section elementor-element elementor-element-a554ff0 elementor-section-boxed elementor-section-height-default elementor-section-height-default\" data-id=\"a554ff0\" data-element_type=\"section\">\n\t\t\t\t\t\t<div class=\"elementor-container elementor-column-gap-extended\">\n\t\t\t\t\t<div class=\"elementor-column elementor-col-100 elementor-top-column elementor-element elementor-element-f918685\" data-id=\"f918685\" data-element_type=\"column\">\n\t\t\t<div class=\"elementor-widget-wrap elementor-element-populated\">\n\t\t\t\t\t\t<div class=\"elementor-element elementor-element-2f172ee elementor-widget elementor-widget-heading\" data-id=\"2f172ee\" data-element_type=\"widget\" data-widget_type=\"heading.default\">\n\t\t\t\t<div class=\"elementor-widget-container\">\n\t\t\t\t\t<h3 class=\"elementor-heading-title elementor-size-default\">Our Terms &amp; Conditions\n<\/h3>\t\t\t\t<\/div>\n\t\t\t\t<\/div>\n\t\t\t\t<div class=\"elementor-element elementor-element-735a994 elementor-widget elementor-widget-heading\" data-id=\"735a994\" data-element_type=\"widget\" data-widget_type=\"heading.default\">\n\t\t\t\t<div class=\"elementor-widget-container\">\n\t\t\t\t\t<p class=\"elementor-heading-title elementor-size-default\"><h3 data-start=\"119\" data-end=\"153\">Conditions g\u00e9n\u00e9rales de vente<\/h3><p data-start=\"71\" data-end=\"105\">\n<\/p><p data-start=\"155\" data-end=\"535\">Les pr\u00e9sentes Conditions G\u00e9n\u00e9rales de Vente (ci-apr\u00e8s les \u00ab Conditions G\u00e9n\u00e9rales \u00bb) r\u00e9gissent exclusivement la vente de produits et accessoires de pr\u00eat-\u00e0-porter homme et femme (ci-apr\u00e8s les \u00ab Produits \u00bb) entre Scollection et tout utilisateur, client ou non (ci-apr\u00e8s d\u00e9nomm\u00e9 \u00ab l&#039;Utilisateur \u00bb, le \u00ab Client \u00bb ou \u00ab vous \u00bb) du site. <a data-start=\"489\" data-end=\"507\" rel=\"noopener\" target=\"_new\" href=\"https:\/\/scollection.co\/fr\/\">www.scollection.co<\/a> (ci-apr\u00e8s le \u00ab Site \u00bb).<\/p><p data-start=\"537\" data-end=\"761\">Les pr\u00e9sentes Conditions G\u00e9n\u00e9rales de Vente sont susceptibles d&#039;\u00eatre modifi\u00e9es ult\u00e9rieurement. La relation contractuelle entre Scollection et les Clients est r\u00e9gie par les Conditions G\u00e9n\u00e9rales de Vente communiqu\u00e9es au Client \u00e0 la date de la commande.<\/p><p data-start=\"763\" data-end=\"914\">Les Conditions G\u00e9n\u00e9rales de Vente communiqu\u00e9es dans l&#039;email de confirmation de commande sont celles en vigueur \u00e0 la date de votre commande et s&#039;appliquent donc \u00e0 cette commande.<\/p><p data-start=\"916\" data-end=\"1101\">Les achats de produits sur le Site sont r\u00e9serv\u00e9s aux personnes physiques \u00e2g\u00e9es de plus de dix-huit (18) ans et disposant de la pleine capacit\u00e9 juridique.<br data-start=\"1032\" data-end=\"1035\">\nScollection se r\u00e9serve \u00e9galement le droit de refuser toute commande anormale.<\/p><br><h3 data-start=\"1108\" data-end=\"1144\">Article 1 : Informations sur le produit<\/h3><p data-start=\"1146\" data-end=\"1484\">Seuls les Produits figurant sur le Site au jour de la commande du Client sont propos\u00e9s \u00e0 la vente, sous r\u00e9serve de disponibilit\u00e9.<br data-start=\"1264\" data-end=\"1267\">\nScollection apporte le plus grand soin \u00e0 fournir des informations d\u00e9taill\u00e9es sur les caract\u00e9ristiques essentielles des Produits, notamment au travers de descriptions d\u00e9taill\u00e9es et de photographies, conformes aux meilleurs standards du march\u00e9.<\/p><p data-start=\"1486\" data-end=\"1634\">Les clients sont encourag\u00e9s \u00e0 se r\u00e9f\u00e9rer \u00e0 la description de chaque produit pour comprendre ses caract\u00e9ristiques et fonctionnalit\u00e9s, y compris la taille et les d\u00e9tails sp\u00e9cifiques.<\/p><br><h3 data-start=\"1641\" data-end=\"1674\">Article 2 : Passation d&#039;une commande<\/h3><br><p data-start=\"1676\" data-end=\"1810\"><strong data-start=\"1676\" data-end=\"1694\">2.1 Conditions<\/strong><br data-start=\"1694\" data-end=\"1697\">\nToute commande de Produit(s) propos\u00e9(s) sur le Site implique l&#039;acceptation pleine et enti\u00e8re des pr\u00e9sentes Conditions G\u00e9n\u00e9rales de Vente.<\/p><p data-start=\"1812\" data-end=\"1934\">Scollection peut vous envoyer un e-mail de rappel si votre panier est incomplet. Vous pouvez passer commande sur le site 24h\/24 et 7j\/7.<\/p><p data-start=\"1936\" data-end=\"1984\">Le processus de commande comprend quatre (4) \u00e9tapes :<\/p><ul data-start=\"1985\" data-end=\"2200\"><li data-start=\"1985\" data-end=\"2017\"><p data-start=\"1987\" data-end=\"2017\">Cr\u00e9ez un compte ou connectez-vous ;<\/p><\/li><li data-start=\"2018\" data-end=\"2073\"><p data-start=\"2020\" data-end=\"2073\">Choisissez votre mode de livraison : domicile ou point relais<\/p><\/li><li data-start=\"2074\" data-end=\"2105\"><p data-start=\"2076\" data-end=\"2105\">Choisissez votre mode de paiement ;<\/p><\/li><li data-start=\"2106\" data-end=\"2200\"><p data-start=\"2108\" data-end=\"2200\">Acceptez les Conditions G\u00e9n\u00e9rales en cochant la case sur la page r\u00e9capitulative de la commande (\u00ab Paiement \u00bb).<\/p><\/li><\/ul><p data-start=\"2202\" data-end=\"2349\">Le paiement confirme et finalise le contrat de vente vous liant \u00e0 Scollection.<br data-start=\"2279\" data-end=\"2282\">\nLes droits de r\u00e9tractation sont expliqu\u00e9s \u00e0 l\u2019article 7 \u00ab Droit de r\u00e9tractation \u00bb.<\/p><p data-start=\"2351\" data-end=\"2607\"><strong data-start=\"2351\" data-end=\"2390\">2.2 Confirmation et suivi de la commande<\/strong><br data-start=\"2390\" data-end=\"2393\">\nUne fois les quatre \u00e9tapes compl\u00e9t\u00e9es, Scollection confirmera votre commande dans les plus brefs d\u00e9lais.<br data-start=\"2484\" data-end=\"2487\">\nD\u00e8s confirmation de la commande et apr\u00e8s autorisation de paiement (Article 4 \u00ab Paiement \u00bb), Scollection proc\u00e9dera \u00e0 l\u2019exp\u00e9dition.<\/p><p data-start=\"2609\" data-end=\"2829\">Vous recevrez un e-mail lorsque votre commande sera exp\u00e9di\u00e9e.<br data-start=\"2657\" data-end=\"2660\">\nLa facture sera disponible dans votre rubrique \u00ab Mon Compte \u00bb ou via notre Service Client.<br data-start=\"2747\" data-end=\"2750\">\nVous pouvez suivre votre commande sur le Site ou contacter le Service Client au 0628802204.<\/p><p data-start=\"71\" data-end=\"105\"><br><\/p><h3 data-start=\"2836\" data-end=\"2877\">Article 3 : Prix et frais de livraison<\/h3><br><p data-start=\"2879\" data-end=\"3113\">Les prix sont indiqu\u00e9s en Euros, TVA comprise, hors frais de livraison.<br data-start=\"2949\" data-end=\"2952\">\nLe taux de TVA applicable est celui en vigueur au jour de la commande en France.<br data-start=\"3027\" data-end=\"3030\">\nLes prix appliqu\u00e9s sont ceux indiqu\u00e9s sur le Site au moment de la confirmation de la commande.<\/p><p data-start=\"3115\" data-end=\"3340\">Les frais de livraison sont forfaitaires, quelle que soit la taille ou le poids de la commande, et sont indiqu\u00e9s lors du processus de paiement.<br data-start=\"3221\" data-end=\"3224\">\nSi nous ne pouvons pas livrer votre commande dans son int\u00e9gralit\u00e9 et devons effectuer plusieurs exp\u00e9ditions, aucun frais de livraison suppl\u00e9mentaire ne sera factur\u00e9.<\/p><p data-start=\"71\" data-end=\"105\"><br><\/p><h3 data-start=\"3347\" data-end=\"3371\">Article 4 : Paiement<\/h3><p data-start=\"3373\" data-end=\"3422\">Scollection propose les modes de paiement suivants :<\/p><ul data-start=\"3423\" data-end=\"3495\"><li data-start=\"3423\" data-end=\"3470\"><p data-start=\"3425\" data-end=\"3470\">Carte de cr\u00e9dit (e-carte, CB, Visa, Mastercard) ;<\/p><\/li><li data-start=\"3471\" data-end=\"3482\"><p data-start=\"3473\" data-end=\"3482\">PayPal;<\/p><\/li><li data-start=\"3483\" data-end=\"3495\"><p data-start=\"3485\" data-end=\"3495\">Apple Pay.<\/p><\/li><li data-start=\"3483\" data-end=\"3495\"><p data-start=\"3485\" data-end=\"3495\"><span style=\"letter-spacing: -0.03px\"> Virement bancaire<\/span><\/p><\/li><\/ul><p data-start=\"3497\" data-end=\"3724\"><strong data-start=\"3497\" data-end=\"3537\">4.1 Paiement par carte de cr\u00e9dit ou PayPal<\/strong><br data-start=\"3537\" data-end=\"3540\">\nDes frais seront appliqu\u00e9s lors de l&#039;exp\u00e9dition, sous r\u00e9serve d&#039;autorisation de paiement ; dans le cas contraire, la commande ne pourra \u00eatre trait\u00e9e.<br data-start=\"3654\" data-end=\"3657\"><br><\/p><p data-start=\"3726\" data-end=\"3920\"><strong data-start=\"3726\" data-end=\"3771\">4.2 Paiements PayPal (4X sans frais)<\/strong><br data-start=\"3771\" data-end=\"3774\">\nDisponible pour les commandes entre 30\u20ac et 2000\u20ac en France et en Espagne.<br data-start=\"3837\" data-end=\"3840\">\nLe premier paiement est effectu\u00e9 \u00e0 l&#039;exp\u00e9dition ; les trois suivants sont per\u00e7us mensuellement.<\/p><p data-start=\"3922\" data-end=\"3934\">Admissibilit\u00e9:<\/p><ul data-start=\"3935\" data-end=\"4133\"><li data-start=\"3935\" data-end=\"3972\"><p data-start=\"3937\" data-end=\"3972\">Total de la commande entre 30 \u20ac et 2000 \u20ac<\/p><\/li><li data-start=\"3973\" data-end=\"4031\"><p data-start=\"3975\" data-end=\"4031\">Vous devez r\u00e9sider en France m\u00e9tropolitaine et \u00eatre majeur<\/p><\/li><li data-start=\"4032\" data-end=\"4062\"><p data-start=\"4034\" data-end=\"4062\">Cartes accept\u00e9es uniquement par PayPal<\/p><\/li><li data-start=\"4063\" data-end=\"4133\"><p data-start=\"4065\" data-end=\"4133\">Votre carte doit \u00eatre valide pendant au moins 90 jours apr\u00e8s le premier paiement<\/p><\/li><\/ul><p data-start=\"4135\" data-end=\"4326\">Si vous rencontrez des probl\u00e8mes, consultez la FAQ de PayPal ou contactez leur service client.<br data-start=\"4208\" data-end=\"4211\">\n4X PayPal est un accord de cr\u00e9dit ; assurez-vous de pouvoir respecter le calendrier de paiement.<br data-start=\"4285\" data-end=\"4288\">\nLe cr\u00e9dit vous engage et doit \u00eatre rembours\u00e9.<\/p><p data-start=\"4328\" data-end=\"4468\"><strong data-start=\"4328\" data-end=\"4345\">4.3 Apple Pay<\/strong><br data-start=\"4345\" data-end=\"4348\">\nDisponible pour les achats sur iOS et macOS via Safari. Activez-le dans votre compte Apple (application \u00ab\u00a0Wallet\u00a0\u00bb) avant de finaliser votre commande.<\/p><p data-start=\"4470\" data-end=\"4623\"><strong data-start=\"4470\" data-end=\"4494\">4.4 S\u00e9curit\u00e9 des paiements<\/strong><br data-start=\"4494\" data-end=\"4497\">\nScollection utilise le syst\u00e8me de paiement s\u00e9curis\u00e9 PayPal.<br data-start=\"4545\" data-end=\"4548\">\nLes coordonn\u00e9es bancaires sont crypt\u00e9es et ne transitent pas sur les serveurs de Scollection.<\/p><p data-start=\"4625\" data-end=\"4778\">Pour plus de s\u00e9curit\u00e9, Scollection peut utiliser l&#039;authentification 3D Secure.<br data-start=\"4695\" data-end=\"4698\">\nAvec votre consentement, les d\u00e9tails de la carte (\u00e0 l&#039;exception du CVV) peuvent \u00eatre enregistr\u00e9s pour les commandes futures.<\/p><p data-start=\"71\" data-end=\"105\"><\/p><p data-start=\"71\" data-end=\"105\">\n<\/p><h3 data-start=\"4785\" data-end=\"4818\">Article 5 : Modes de livraison<\/h3><br><p data-start=\"4820\" data-end=\"4871\"><strong data-start=\"4820\" data-end=\"4847\">5.1 Informations g\u00e9n\u00e9rales<\/strong><br data-start=\"4847\" data-end=\"4850\">\nScollection livre :<\/p><ul data-start=\"4872\" data-end=\"4937\"><li data-start=\"4872\" data-end=\"4917\"><p data-start=\"4874\" data-end=\"4917\">\u00c0 une adresse sp\u00e9cifi\u00e9e par le client en France<\/p><\/li><li data-start=\"4918\" data-end=\"4937\"><p data-start=\"4920\" data-end=\"4937\">Vers les points de retrait<\/p><\/li><\/ul><p data-start=\"4939\" data-end=\"5178\">La livraison est disponible uniquement en France m\u00e9tropolitaine (hors Corse et DOM-TOM).<br data-start=\"5023\" data-end=\"5026\">\nLa livraison prend 2 \u00e0 15 jours ouvrables apr\u00e8s confirmation de la commande et, dans tous les cas, dans les 30 jours.<br data-start=\"5118\" data-end=\"5121\">\nSi ce d\u00e9lai est d\u00e9pass\u00e9, vous pourrez annuler la commande.<\/p><p data-start=\"5180\" data-end=\"5291\">Pendant les p\u00e9riodes de forte affluence (soldes, jours f\u00e9ri\u00e9s), des retards peuvent survenir.<br data-start=\"5236\" data-end=\"5239\">\nSuivez votre commande en ligne ou contactez le service client.<\/p><br><p data-start=\"5293\" data-end=\"5476\"><strong data-start=\"5293\" data-end=\"5320\">5.2 Inspection de livraison<\/strong><br data-start=\"5320\" data-end=\"5323\">\n\u00c0 la livraison, inspectez votre commande. Signalez tout probl\u00e8me (colis endommag\u00e9, produit manquant ou d\u00e9fectueux) par \u00e9crit sur le bon de livraison et pr\u00e9venez Scollection.<\/p><p data-start=\"71\" data-end=\"105\"><br><\/p><h3 data-start=\"5483\" data-end=\"5546\">Article 6 : Retours et remboursements (hors droit de r\u00e9tractation)<\/h3><p data-start=\"71\" data-end=\"105\">\n<\/p><p data-start=\"5548\" data-end=\"5762\"><strong data-start=\"5548\" data-end=\"5563\">6.1 Retours<\/strong><br data-start=\"5563\" data-end=\"5566\">\nLes retours \u00e0 vos frais peuvent \u00eatre effectu\u00e9s \u00e0 :<br data-start=\"5605\" data-end=\"5608\">\nScollection, 29 rue Saint Antoine, 45120 Cepoy, France<br data-start=\"5662\" data-end=\"5665\">\nVous disposez de 30 jours \u00e0 compter de la r\u00e9ception.<br data-start=\"5695\" data-end=\"5698\">\nLes produits doivent \u00eatre retourn\u00e9s dans leur \u00e9tat et emballage d&#039;origine.<\/p><p data-start=\"71\" data-end=\"105\"><span style=\"letter-spacing: -0.03px\">Les produits fabriqu\u00e9s sur mesure ne peuvent \u00eatre ni repris ni rembours\u00e9s.<\/span><\/p><p data-start=\"5818\" data-end=\"5953\"><strong data-start=\"5818\" data-end=\"5833\">6.2 Remboursements<\/strong><br data-start=\"5833\" data-end=\"5836\">\nLes remboursements sont trait\u00e9s via le mode de paiement d&#039;origine.<br data-start=\"5890\" data-end=\"5893\">\nLes frais d&#039;exp\u00e9dition ne sont pas remboursables.<br data-start=\"5926\" data-end=\"5929\">\nPour les versements PayPal\u00a0:<\/p><ul data-start=\"5954\" data-end=\"6069\"><li data-start=\"5954\" data-end=\"6024\"><p data-start=\"5956\" data-end=\"6024\">Retour int\u00e9gral \u2192 acomptes rembours\u00e9s, paiements futurs annul\u00e9s<\/p><\/li><li data-start=\"6025\" data-end=\"6069\"><p data-start=\"6027\" data-end=\"6069\">Remboursement partiel \u2192 versements recalcul\u00e9s<\/p><\/li><\/ul><p data-start=\"71\" data-end=\"105\">\n<\/p><h3 data-start=\"6076\" data-end=\"6112\">Article 7 : Droit de r\u00e9tractation<\/h3><br><p data-start=\"6114\" data-end=\"6304\"><strong data-start=\"6114\" data-end=\"6142\">7.1 Exercice du droit<\/strong><br data-start=\"6142\" data-end=\"6145\">\nVous disposez d&#039;un d\u00e9lai de 14 jours \u00e0 compter de la r\u00e9ception pour notifier \u00e0 Scollection votre r\u00e9tractation en utilisant le formulaire ou toute d\u00e9claration d\u00e9nu\u00e9e d&#039;ambigu\u00eft\u00e9.<br data-start=\"6249\" data-end=\"6252\">\nLes produits fabriqu\u00e9s sur mesure ne peuvent \u00eatre ni repris ni rembours\u00e9s.<\/p><p data-start=\"6306\" data-end=\"6513\"><strong data-start=\"6306\" data-end=\"6337\">7.2 Retour apr\u00e8s r\u00e9tractation<\/strong><br data-start=\"6337\" data-end=\"6340\">\nRenvoyez l&#039;int\u00e9gralit\u00e9 de la commande \u00e0 vos frais \u00e0 :<br data-start=\"6383\" data-end=\"6386\">\nScollection, 29 rue Saint Antoine, 45120 Cepoy, France<br data-start=\"6440\" data-end=\"6443\">\nLa commande doit \u00eatre retourn\u00e9e dans un seul colis, dans son \u00e9tat d&#039;origine.<\/p><p data-start=\"6515\" data-end=\"6633\"><strong data-start=\"6515\" data-end=\"6546\">7.3 Remboursement apr\u00e8s r\u00e9tractation<\/strong><br data-start=\"6546\" data-end=\"6549\">\nUne fois le retour re\u00e7u et conforme, Scollection proc\u00e9dera au remboursement du montant de la commande.<\/p><p data-start=\"71\" data-end=\"105\"><br><\/p><h3 data-start=\"6640\" data-end=\"6673\">Article 8 : Service Client<\/h3><p data-start=\"6675\" data-end=\"6781\">Pour toute question ou assistance, contactez le service client au +33 6 28 80 22 04 ou via la page \u00ab Contactez-nous \u00bb.<\/p><br><h3 data-start=\"6788\" data-end=\"6833\">Article 9 : Protection des donn\u00e9es et cookies<\/h3><p data-start=\"71\" data-end=\"105\">\n<\/p><p data-start=\"6835\" data-end=\"7060\">Les donn\u00e9es personnelles sont collect\u00e9es \u00e0 des fins de gestion des commandes et de communication.<br data-start=\"6910\" data-end=\"6913\">\nLes donn\u00e9es sont stock\u00e9es en toute s\u00e9curit\u00e9 pendant la p\u00e9riode n\u00e9cessaire et peuvent \u00eatre archiv\u00e9es \u00e0 des fins d\u2019int\u00e9r\u00eat public, de recherche ou de statistiques.<br data-start=\"7037\" data-end=\"7040\">\nDur\u00e9es de conservation :<\/p><ul data-start=\"7061\" data-end=\"7232\"><li data-start=\"7061\" data-end=\"7112\"><p data-start=\"7063\" data-end=\"7112\">Donn\u00e9es marketing : max. 3 ans apr\u00e8s le dernier contact<\/p><\/li><li data-start=\"7113\" data-end=\"7159\"><p data-start=\"7115\" data-end=\"7159\">Donn\u00e9es d&#039;achat en ligne : archiv\u00e9es pendant 5 ans<\/p><\/li><li data-start=\"7160\" data-end=\"7232\"><p data-start=\"7162\" data-end=\"7232\">Donn\u00e9es de paiement : stock\u00e9es uniquement pendant la transaction, sauf si elles sont enregistr\u00e9es avec consentement<\/p><\/li><\/ul><p data-start=\"7234\" data-end=\"7358\">Conform\u00e9ment au R\u00e8glement UE 2016\/679 (RGPD), vous disposez de droits : acc\u00e8s, rectification, effacement, opposition, limitation, portabilit\u00e9.<\/p><p data-start=\"7360\" data-end=\"7591\">Pour exercer vos droits, contactez Scollection par email accompagn\u00e9 d&#039;une copie de votre pi\u00e8ce d&#039;identit\u00e9.<br data-start=\"7437\" data-end=\"7440\">\nVous pouvez d\u00e9poser une r\u00e9clamation aupr\u00e8s de la CNIL.<br data-start=\"7479\" data-end=\"7482\">\nConsultez la politique de confidentialit\u00e9 pour plus de d\u00e9tails.<br data-start=\"7522\" data-end=\"7525\">\nDes cookies sont utilis\u00e9s ; voir la politique de confidentialit\u00e9 pour plus de d\u00e9tails et de param\u00e8tres.<\/p><br><h3 data-start=\"7598\" data-end=\"7637\">Article 10 : Propri\u00e9t\u00e9 intellectuelle<\/h3><p data-start=\"7639\" data-end=\"7871\">L&#039;ensemble du contenu du Site (textes, images, logos, newsletters, etc.) est prot\u00e9g\u00e9 par les droits de propri\u00e9t\u00e9 intellectuelle.<br data-start=\"7743\" data-end=\"7746\">L&#039;usage priv\u00e9 est autoris\u00e9 ; toute reproduction ou utilisation publique sans autorisation est interdite et peut constituer une contrefa\u00e7on.<\/p><p data-start=\"71\" data-end=\"105\"><\/p><p data-start=\"71\" data-end=\"105\">\n<\/p><h3 data-start=\"7878\" data-end=\"7920\">Article 11 : Dispositions diverses<\/h3><br><p data-start=\"7922\" data-end=\"8025\"><strong data-start=\"7922\" data-end=\"7947\">11.1 Int\u00e9gralit\u00e9 de l&#039;accord<\/strong><br data-start=\"7947\" data-end=\"7950\">\nLes pr\u00e9sentes Conditions G\u00e9n\u00e9rales et le r\u00e9capitulatif de la commande constituent l&#039;int\u00e9gralit\u00e9 de l&#039;accord.<\/p><p data-start=\"71\" data-end=\"105\">\n<\/p><p data-start=\"8027\" data-end=\"8226\"><strong data-start=\"8027\" data-end=\"8066\">11.2 Loi applicable et juridiction<\/strong><br data-start=\"8066\" data-end=\"8069\">\nLes pr\u00e9sentes Conditions sont r\u00e9gies par le droit fran\u00e7ais.<br data-start=\"8108\" data-end=\"8111\">\nLes tribunaux fran\u00e7ais ont une comp\u00e9tence exclusive sur les litiges, bien que Scollection recherchera d&#039;abord une r\u00e9solution \u00e0 l&#039;amiable.<\/p><\/p>\t\t\t\t<\/div>\n\t\t\t\t<\/div>\n\t\t\t\t\t<\/div>\n\t\t<\/div>\n\t\t\t\t\t<\/div>\n\t\t<\/section>\n\t\t\t\t<\/div>","protected":false},"excerpt":{"rendered":"<p>Our Terms &#038; Conditions Terms and Conditions of Sale These Terms and Conditions of Sale (hereinafter the \u201cTerms and Conditions\u201d) exclusively govern the sale of men\u2019s and women\u2019s ready-to-wear products and accessories (hereinafter the \u201cProducts\u201d) between Scollection and any user, whether a customer or not (hereinafter referred to as the \u201cUser,\u201d the \u201cCustomer,\u201d or \u201cyou\u201d)<\/p>\n<div class=\"klb-readmore entry-button\"><a class=\"btn link\" href=\"https:\/\/scollection.co\/fr\/terms-and-conditions\/\">Read More <i class=\"klbth-icon-right-arrow\"><\/i><\/a><\/div>","protected":false},"author":1,"featured_media":0,"parent":0,"menu_order":0,"comment_status":"closed","ping_status":"closed","template":"","meta":{"footnotes":""},"class_list":["post-2304","page","type-page","status-publish","hentry"],"_links":{"self":[{"href":"https:\/\/scollection.co\/fr\/wp-json\/wp\/v2\/pages\/2304","targetHints":{"allow":["GET"]}}],"collection":[{"href":"https:\/\/scollection.co\/fr\/wp-json\/wp\/v2\/pages"}],"about":[{"href":"https:\/\/scollection.co\/fr\/wp-json\/wp\/v2\/types\/page"}],"author":[{"embeddable":true,"href":"https:\/\/scollection.co\/fr\/wp-json\/wp\/v2\/users\/1"}],"replies":[{"embeddable":true,"href":"https:\/\/scollection.co\/fr\/wp-json\/wp\/v2\/comments?post=2304"}],"version-history":[{"count":3,"href":"https:\/\/scollection.co\/fr\/wp-json\/wp\/v2\/pages\/2304\/revisions"}],"predecessor-version":[{"id":3840,"href":"https:\/\/scollection.co\/fr\/wp-json\/wp\/v2\/pages\/2304\/revisions\/3840"}],"wp:attachment":[{"href":"https:\/\/scollection.co\/fr\/wp-json\/wp\/v2\/media?parent=2304"}],"curies":[{"name":"wp","href":"https:\/\/api.w.org\/{rel}","templated":true}]}}