{"id":3666,"date":"2025-05-05T09:40:18","date_gmt":"2025-05-05T09:40:18","guid":{"rendered":"https:\/\/scollection.co\/?page_id=3666"},"modified":"2025-05-07T11:33:52","modified_gmt":"2025-05-07T11:33:52","slug":"size-charts","status":"publish","type":"page","link":"https:\/\/scollection.co\/fr\/size-charts\/","title":{"rendered":"Tableaux des tailles"},"content":{"rendered":"<div data-elementor-type=\"wp-page\" data-elementor-id=\"3666\" class=\"elementor elementor-3666\" data-elementor-post-type=\"page\">\n\t\t\t\t\t\t<section class=\"elementor-section elementor-top-section elementor-element elementor-element-a554ff0 elementor-section-boxed elementor-section-height-default elementor-section-height-default\" data-id=\"a554ff0\" data-element_type=\"section\">\n\t\t\t\t\t\t<div class=\"elementor-container elementor-column-gap-extended\">\n\t\t\t\t\t<div class=\"elementor-column elementor-col-100 elementor-top-column elementor-element elementor-element-f918685\" data-id=\"f918685\" data-element_type=\"column\">\n\t\t\t<div class=\"elementor-widget-wrap elementor-element-populated\">\n\t\t\t\t\t\t<div class=\"elementor-element elementor-element-2f172ee elementor-widget elementor-widget-heading\" data-id=\"2f172ee\" data-element_type=\"widget\" data-widget_type=\"heading.default\">\n\t\t\t\t<div class=\"elementor-widget-container\">\n\t\t\t\t\t<h3 class=\"elementor-heading-title elementor-size-default\">Tableaux des tailles<\/h3>\t\t\t\t<\/div>\n\t\t\t\t<\/div>\n\t\t\t\t<div class=\"elementor-element elementor-element-735a994 elementor-widget elementor-widget-heading\" data-id=\"735a994\" data-element_type=\"widget\" data-widget_type=\"heading.default\">\n\t\t\t\t<div class=\"elementor-widget-container\">\n\t\t\t\t\t<p class=\"elementor-heading-title elementor-size-default\">Trouvez la taille id\u00e9ale gr\u00e2ce \u00e0 notre guide des tailles. Les mesures en cm vous aident \u00e0 choisir le v\u00eatement id\u00e9al pour votre style et votre confort.\n<\/p>\t\t\t\t<\/div>\n\t\t\t\t<\/div>\n\t\t\t\t\t<\/div>\n\t\t<\/div>\n\t\t\t\t\t<\/div>\n\t\t<\/section>\n\t\t\t\t<section class=\"elementor-section elementor-top-section elementor-element elementor-element-e3a78bf elementor-section-boxed elementor-section-height-default elementor-section-height-default\" data-id=\"e3a78bf\" data-element_type=\"section\">\n\t\t\t\t\t\t<div class=\"elementor-container elementor-column-gap-extended\">\n\t\t\t\t\t<div class=\"elementor-column elementor-col-100 elementor-top-column elementor-element elementor-element-41a8279\" data-id=\"41a8279\" data-element_type=\"column\">\n\t\t\t<div class=\"elementor-widget-wrap elementor-element-populated\">\n\t\t\t\t\t\t<div class=\"elementor-element elementor-element-6f51d39 elementor-widget elementor-widget-heading\" data-id=\"6f51d39\" data-element_type=\"widget\" data-widget_type=\"heading.default\">\n\t\t\t\t<div class=\"elementor-widget-container\">\n\t\t\t\t\t<h3 class=\"elementor-heading-title elementor-size-default\">Commentaires<\/h3>\t\t\t\t<\/div>\n\t\t\t\t<\/div>\n\t\t\t\t<div class=\"elementor-element elementor-element-011618d elementor-widget elementor-widget-text-editor\" data-id=\"011618d\" data-element_type=\"widget\" data-widget_type=\"text-editor.default\">\n\t\t\t\t<div class=\"elementor-widget-container\">\n\t\t\t\t\t\t\t\t\t<p><img fetchpriority=\"high\" decoding=\"async\" class=\"alignnone size-medium wp-image-3782\" src=\"http:\/\/scollection.co\/wp-content\/uploads\/2025\/05\/Inspirational-quote-Instagram-post-with-natural-vibe-picture-300x300.png\" alt=\"\" width=\"300\" height=\"300\" srcset=\"https:\/\/scollection.co\/wp-content\/uploads\/2025\/05\/Inspirational-quote-Instagram-post-with-natural-vibe-picture-300x300.png 300w, https:\/\/scollection.co\/wp-content\/uploads\/2025\/05\/Inspirational-quote-Instagram-post-with-natural-vibe-picture-54x54.png 54w, https:\/\/scollection.co\/wp-content\/uploads\/2025\/05\/Inspirational-quote-Instagram-post-with-natural-vibe-picture-600x600.png 600w, https:\/\/scollection.co\/wp-content\/uploads\/2025\/05\/Inspirational-quote-Instagram-post-with-natural-vibe-picture-1024x1024.png 1024w, https:\/\/scollection.co\/wp-content\/uploads\/2025\/05\/Inspirational-quote-Instagram-post-with-natural-vibe-picture-150x150.png 150w, https:\/\/scollection.co\/wp-content\/uploads\/2025\/05\/Inspirational-quote-Instagram-post-with-natural-vibe-picture-768x768.png 768w, https:\/\/scollection.co\/wp-content\/uploads\/2025\/05\/Inspirational-quote-Instagram-post-with-natural-vibe-picture-450x450.png 450w, https:\/\/scollection.co\/wp-content\/uploads\/2025\/05\/Inspirational-quote-Instagram-post-with-natural-vibe-picture.png 1080w\" sizes=\"(max-width: 300px) 100vw, 300px\" \/><img decoding=\"async\" class=\"alignnone size-medium wp-image-3824\" src=\"http:\/\/scollection.co\/wp-content\/uploads\/2025\/05\/Inspirational-quote-Instagram-post-with-natural-vibe-picture-1-300x300.png\" alt=\"\" width=\"300\" height=\"300\" srcset=\"https:\/\/scollection.co\/wp-content\/uploads\/2025\/05\/Inspirational-quote-Instagram-post-with-natural-vibe-picture-1-300x300.png 300w, https:\/\/scollection.co\/wp-content\/uploads\/2025\/05\/Inspirational-quote-Instagram-post-with-natural-vibe-picture-1-54x54.png 54w, https:\/\/scollection.co\/wp-content\/uploads\/2025\/05\/Inspirational-quote-Instagram-post-with-natural-vibe-picture-1-600x600.png 600w, https:\/\/scollection.co\/wp-content\/uploads\/2025\/05\/Inspirational-quote-Instagram-post-with-natural-vibe-picture-1-1024x1024.png 1024w, https:\/\/scollection.co\/wp-content\/uploads\/2025\/05\/Inspirational-quote-Instagram-post-with-natural-vibe-picture-1-150x150.png 150w, https:\/\/scollection.co\/wp-content\/uploads\/2025\/05\/Inspirational-quote-Instagram-post-with-natural-vibe-picture-1-768x768.png 768w, https:\/\/scollection.co\/wp-content\/uploads\/2025\/05\/Inspirational-quote-Instagram-post-with-natural-vibe-picture-1-450x450.png 450w, https:\/\/scollection.co\/wp-content\/uploads\/2025\/05\/Inspirational-quote-Instagram-post-with-natural-vibe-picture-1.png 1080w\" sizes=\"(max-width: 300px) 100vw, 300px\" \/><img decoding=\"async\" class=\"alignnone size-medium wp-image-3823\" src=\"http:\/\/scollection.co\/wp-content\/uploads\/2025\/05\/Inspirational-quote-Instagram-post-with-natural-vibe-picture-2-300x300.png\" alt=\"\" width=\"300\" height=\"300\" srcset=\"https:\/\/scollection.co\/wp-content\/uploads\/2025\/05\/Inspirational-quote-Instagram-post-with-natural-vibe-picture-2-300x300.png 300w, https:\/\/scollection.co\/wp-content\/uploads\/2025\/05\/Inspirational-quote-Instagram-post-with-natural-vibe-picture-2-54x54.png 54w, https:\/\/scollection.co\/wp-content\/uploads\/2025\/05\/Inspirational-quote-Instagram-post-with-natural-vibe-picture-2-600x600.png 600w, https:\/\/scollection.co\/wp-content\/uploads\/2025\/05\/Inspirational-quote-Instagram-post-with-natural-vibe-picture-2-1024x1024.png 1024w, https:\/\/scollection.co\/wp-content\/uploads\/2025\/05\/Inspirational-quote-Instagram-post-with-natural-vibe-picture-2-150x150.png 150w, https:\/\/scollection.co\/wp-content\/uploads\/2025\/05\/Inspirational-quote-Instagram-post-with-natural-vibe-picture-2-768x768.png 768w, https:\/\/scollection.co\/wp-content\/uploads\/2025\/05\/Inspirational-quote-Instagram-post-with-natural-vibe-picture-2-450x450.png 450w, https:\/\/scollection.co\/wp-content\/uploads\/2025\/05\/Inspirational-quote-Instagram-post-with-natural-vibe-picture-2.png 1080w\" sizes=\"(max-width: 300px) 100vw, 300px\" \/><img loading=\"lazy\" decoding=\"async\" class=\"alignnone size-medium wp-image-3822\" src=\"http:\/\/scollection.co\/wp-content\/uploads\/2025\/05\/Inspirational-quote-Instagram-post-with-natural-vibe-picture-3-300x300.png\" alt=\"\" width=\"300\" height=\"300\" srcset=\"https:\/\/scollection.co\/wp-content\/uploads\/2025\/05\/Inspirational-quote-Instagram-post-with-natural-vibe-picture-3-300x300.png 300w, https:\/\/scollection.co\/wp-content\/uploads\/2025\/05\/Inspirational-quote-Instagram-post-with-natural-vibe-picture-3-54x54.png 54w, https:\/\/scollection.co\/wp-content\/uploads\/2025\/05\/Inspirational-quote-Instagram-post-with-natural-vibe-picture-3-600x600.png 600w, https:\/\/scollection.co\/wp-content\/uploads\/2025\/05\/Inspirational-quote-Instagram-post-with-natural-vibe-picture-3-1024x1024.png 1024w, https:\/\/scollection.co\/wp-content\/uploads\/2025\/05\/Inspirational-quote-Instagram-post-with-natural-vibe-picture-3-150x150.png 150w, https:\/\/scollection.co\/wp-content\/uploads\/2025\/05\/Inspirational-quote-Instagram-post-with-natural-vibe-picture-3-768x768.png 768w, https:\/\/scollection.co\/wp-content\/uploads\/2025\/05\/Inspirational-quote-Instagram-post-with-natural-vibe-picture-3-450x450.png 450w, https:\/\/scollection.co\/wp-content\/uploads\/2025\/05\/Inspirational-quote-Instagram-post-with-natural-vibe-picture-3.png 1080w\" sizes=\"(max-width: 300px) 100vw, 300px\" \/><\/p><p>\u00a0<\/p><p>\u00a0<\/p>\t\t\t\t\t\t\t\t<\/div>\n\t\t\t\t<\/div>\n\t\t\t\t\t<\/div>\n\t\t<\/div>\n\t\t\t\t\t<\/div>\n\t\t<\/section>\n\t\t\t\t<\/div>","protected":false},"excerpt":{"rendered":"<p>Size Charts Find your perfect fit with our size guide. Measurements in cm to help you choose the ideal garment for your style and comfort. Comments \u00a0 \u00a0<\/p>","protected":false},"author":1,"featured_media":0,"parent":0,"menu_order":0,"comment_status":"closed","ping_status":"closed","template":"","meta":{"footnotes":""},"class_list":["post-3666","page","type-page","status-publish","hentry"],"_links":{"self":[{"href":"https:\/\/scollection.co\/fr\/wp-json\/wp\/v2\/pages\/3666","targetHints":{"allow":["GET"]}}],"collection":[{"href":"https:\/\/scollection.co\/fr\/wp-json\/wp\/v2\/pages"}],"about":[{"href":"https:\/\/scollection.co\/fr\/wp-json\/wp\/v2\/types\/page"}],"author":[{"embeddable":true,"href":"https:\/\/scollection.co\/fr\/wp-json\/wp\/v2\/users\/1"}],"replies":[{"embeddable":true,"href":"https:\/\/scollection.co\/fr\/wp-json\/wp\/v2\/comments?post=3666"}],"version-history":[{"count":10,"href":"https:\/\/scollection.co\/fr\/wp-json\/wp\/v2\/pages\/3666\/revisions"}],"predecessor-version":[{"id":3828,"href":"https:\/\/scollection.co\/fr\/wp-json\/wp\/v2\/pages\/3666\/revisions\/3828"}],"wp:attachment":[{"href":"https:\/\/scollection.co\/fr\/wp-json\/wp\/v2\/media?parent=3666"}],"curies":[{"name":"wp","href":"https:\/\/api.w.org\/{rel}","templated":true}]}}