{"id":2863,"date":"2025-04-27T09:01:17","date_gmt":"2025-04-27T09:01:17","guid":{"rendered":"https:\/\/scollection.co\/?post_type=product&#038;p=2863"},"modified":"2026-01-02T16:21:19","modified_gmt":"2026-01-02T16:21:19","slug":"unisex-blue-hoodie","status":"publish","type":"product","link":"https:\/\/scollection.co\/fr\/produit\/unisex-blue-hoodie\/","title":{"rendered":"Sweat \u00e0 capuche bleu unisexe personnalisable"},"content":{"rendered":"<p>Red\u00e9finissez votre style cette saison avec notre sweat \u00e0 capuche unisexe, un incontournable pour un look d\u00e9contract\u00e9 et tendance.<\/p>\n<p>\u2013 Coton 100%<br \/>\n\u2013 Manches longues<br \/>\n\u2013 \u00c0 capuche<br \/>\n\u2013 La ficelle est amovible<br \/>\n\u2013 Poche kangourou<br \/>\n\u2013 Id\u00e9al pour compl\u00e9ter votre garde-robe avec un pantalon de jogging<br \/>\n\u2013 Disponible dans une vari\u00e9t\u00e9 de couleurs et de tailles.<\/p>\n<p>Fabriqu\u00e9 au Pakistan<\/p>\n<p>Instructions :<\/p>\n<p>Fer, moyen<br \/>\nFer, moyen<br \/>\nNe pas nettoyer \u00e0 sec<br \/>\nNe pas s\u00e9cher en machine<br \/>\nLaver \u00e0 40\u00b0C<br \/>\nNe pas javelliser<\/p>\n<p>R\u00c9F H03<\/p>\n<p>*Les couleurs et les tailles peuvent varier l\u00e9g\u00e8rement.<\/p>","protected":false},"excerpt":{"rendered":"<p>Alliez confort et style avec notre sweat \u00e0 capuche personnalisable. Chaud, moderne et unique gr\u00e2ce \u00e0 son imprim\u00e9 personnalis\u00e9, il est parfait au quotidien ou pour mettre en valeur votre marque.<\/p>","protected":false},"featured_media":4973,"comment_status":"open","ping_status":"closed","template":"","meta":[],"product_brand":[101],"product_cat":[96],"product_tag":[],"class_list":{"0":"post-2863","1":"product","2":"type-product","3":"status-publish","4":"has-post-thumbnail","6":"product_brand-scollection","7":"product_cat-hoodies","9":"first","10":"instock","11":"shipping-taxable","12":"purchasable","13":"product-type-variable","14":"has-default-attributes"},"_links":{"self":[{"href":"https:\/\/scollection.co\/fr\/wp-json\/wp\/v2\/product\/2863","targetHints":{"allow":["GET"]}}],"collection":[{"href":"https:\/\/scollection.co\/fr\/wp-json\/wp\/v2\/product"}],"about":[{"href":"https:\/\/scollection.co\/fr\/wp-json\/wp\/v2\/types\/product"}],"replies":[{"embeddable":true,"href":"https:\/\/scollection.co\/fr\/wp-json\/wp\/v2\/comments?post=2863"}],"wp:featuredmedia":[{"embeddable":true,"href":"https:\/\/scollection.co\/fr\/wp-json\/wp\/v2\/media\/4973"}],"wp:attachment":[{"href":"https:\/\/scollection.co\/fr\/wp-json\/wp\/v2\/media?parent=2863"}],"wp:term":[{"taxonomy":"product_brand","embeddable":true,"href":"https:\/\/scollection.co\/fr\/wp-json\/wp\/v2\/product_brand?post=2863"},{"taxonomy":"product_cat","embeddable":true,"href":"https:\/\/scollection.co\/fr\/wp-json\/wp\/v2\/product_cat?post=2863"},{"taxonomy":"product_tag","embeddable":true,"href":"https:\/\/scollection.co\/fr\/wp-json\/wp\/v2\/product_tag?post=2863"}],"curies":[{"name":"wp","href":"https:\/\/api.w.org\/{rel}","templated":true}]}}