{"id":3112,"date":"2025-04-28T08:52:32","date_gmt":"2025-04-28T08:52:32","guid":{"rendered":"https:\/\/scollection.co\/?post_type=product&#038;p=3112"},"modified":"2026-01-02T16:23:27","modified_gmt":"2026-01-02T16:23:27","slug":"unisex-blue-sweat-shirt","status":"publish","type":"product","link":"https:\/\/scollection.co\/fr\/produit\/unisex-blue-sweat-shirt\/","title":{"rendered":"Sweat-shirt bleu unisexe personnalisable"},"content":{"rendered":"<p>Un sweat-shirt unisexe moderne, id\u00e9al pour un look d\u00e9contract\u00e9 et \u00e9l\u00e9gant.<\/p>\n<p>\u2013 Coton 100%<br \/>\n\u2013 Manches longues<br \/>\n\u2013 Col ras du cou<br \/>\n\u2013 Longueur r\u00e9guli\u00e8re<br \/>\n\u2013 Sensation agr\u00e9able<br \/>\n\u2013 Parfait avec un jogging, un chino ou un jean slim.<\/p>\n<p>Fabriqu\u00e9 au Pakistan<\/p>\n<p>Instructions:<\/p>\n<p>Fer moyen<br \/>\nNe pas nettoyer \u00e0 sec<br \/>\nNe pas s\u00e9cher en machine<br \/>\nLaver \u00e0 40\u00b0C<br \/>\nNe pas javelliser<\/p>\n<p>R\u00c9F S03<\/p>\n<h5>*Les couleurs et les tailles peuvent varier l\u00e9g\u00e8rement.<\/h5>","protected":false},"excerpt":{"rendered":"<p>Restez au chaud et d\u00e9marquez-vous avec notre sweat-shirt personnalisable. Doux, \u00e9l\u00e9gant et con\u00e7u sp\u00e9cialement pour vous avec un imprim\u00e9 personnalis\u00e9, il est parfait pour les journ\u00e9es fra\u00eeches ou pour afficher une marque audacieuse.<\/p>","protected":false},"featured_media":4966,"comment_status":"open","ping_status":"closed","template":"","meta":[],"product_brand":[101],"product_cat":[97],"product_tag":[],"class_list":{"0":"post-3112","1":"product","2":"type-product","3":"status-publish","4":"has-post-thumbnail","6":"product_brand-scollection","7":"product_cat-sweatshirts","9":"first","10":"instock","11":"shipping-taxable","12":"purchasable","13":"product-type-variable","14":"has-default-attributes"},"_links":{"self":[{"href":"https:\/\/scollection.co\/fr\/wp-json\/wp\/v2\/product\/3112","targetHints":{"allow":["GET"]}}],"collection":[{"href":"https:\/\/scollection.co\/fr\/wp-json\/wp\/v2\/product"}],"about":[{"href":"https:\/\/scollection.co\/fr\/wp-json\/wp\/v2\/types\/product"}],"replies":[{"embeddable":true,"href":"https:\/\/scollection.co\/fr\/wp-json\/wp\/v2\/comments?post=3112"}],"wp:featuredmedia":[{"embeddable":true,"href":"https:\/\/scollection.co\/fr\/wp-json\/wp\/v2\/media\/4966"}],"wp:attachment":[{"href":"https:\/\/scollection.co\/fr\/wp-json\/wp\/v2\/media?parent=3112"}],"wp:term":[{"taxonomy":"product_brand","embeddable":true,"href":"https:\/\/scollection.co\/fr\/wp-json\/wp\/v2\/product_brand?post=3112"},{"taxonomy":"product_cat","embeddable":true,"href":"https:\/\/scollection.co\/fr\/wp-json\/wp\/v2\/product_cat?post=3112"},{"taxonomy":"product_tag","embeddable":true,"href":"https:\/\/scollection.co\/fr\/wp-json\/wp\/v2\/product_tag?post=3112"}],"curies":[{"name":"wp","href":"https:\/\/api.w.org\/{rel}","templated":true}]}}