{"id":3156,"date":"2025-04-28T14:26:11","date_gmt":"2025-04-28T14:26:11","guid":{"rendered":"https:\/\/scollection.co\/?post_type=product&#038;p=3156"},"modified":"2026-01-01T00:23:59","modified_gmt":"2026-01-01T00:23:59","slug":"unisex-pink-trouser","status":"publish","type":"product","link":"https:\/\/scollection.co\/fr\/produit\/unisex-pink-trouser\/","title":{"rendered":"Pantalon rose unisexe personnalisable"},"content":{"rendered":"<h5 dir=\"ltr\">Confortable et moderne, ce jogging a un style moderne.<\/h5>\n<h5 dir=\"ltr\">\u2013 Coton 100%<br \/>\n\u2013 Coupe r\u00e9guli\u00e8re<br \/>\n\u2013 Ceinture \u00e9lastique avec cordon de serrage<br \/>\n\u2013 Deux poches lat\u00e9rales<br \/>\n\u2013 Associez-les \u00e0 un t-shirt pour un look sportif et d\u00e9contract\u00e9<br \/>\n\u2013 Disponible en plusieurs couleurs<\/h5>\n<h5 dir=\"ltr\">Fabriqu\u00e9 au Pakistan<\/h5>\n<h5 dir=\"ltr\">Instructions :<\/h5>\n<h5 dir=\"ltr\">Fer moyen<br \/>\nNe pas nettoyer \u00e0 sec<br \/>\nNe pas s\u00e9cher en machine<br \/>\nLaver \u00e0 40\u00b0C<br \/>\nNe pas javelliser<\/h5>\n<h5 dir=\"ltr\">R\u00c9F TR04<\/h5>\n<h5 dir=\"ltr\">*Les couleurs et les tailles peuvent varier l\u00e9g\u00e8rement.<\/h5>","protected":false},"excerpt":{"rendered":"<p>Bougez avec style gr\u00e2ce \u00e0 nos pantalons personnalisables. Confortables, polyvalents et uniques gr\u00e2ce \u00e0 leur imprim\u00e9 personnalis\u00e9, ils sont parfaits au quotidien ou pour une allure affirm\u00e9e.<\/p>","protected":false},"featured_media":3213,"comment_status":"open","ping_status":"closed","template":"","meta":[],"product_brand":[101],"product_cat":[98],"product_tag":[],"class_list":{"0":"post-3156","1":"product","2":"type-product","3":"status-publish","4":"has-post-thumbnail","6":"product_brand-scollection","7":"product_cat-trousers","9":"first","10":"instock","11":"shipping-taxable","12":"purchasable","13":"product-type-variable","14":"has-default-attributes"},"_links":{"self":[{"href":"https:\/\/scollection.co\/fr\/wp-json\/wp\/v2\/product\/3156","targetHints":{"allow":["GET"]}}],"collection":[{"href":"https:\/\/scollection.co\/fr\/wp-json\/wp\/v2\/product"}],"about":[{"href":"https:\/\/scollection.co\/fr\/wp-json\/wp\/v2\/types\/product"}],"replies":[{"embeddable":true,"href":"https:\/\/scollection.co\/fr\/wp-json\/wp\/v2\/comments?post=3156"}],"wp:featuredmedia":[{"embeddable":true,"href":"https:\/\/scollection.co\/fr\/wp-json\/wp\/v2\/media\/3213"}],"wp:attachment":[{"href":"https:\/\/scollection.co\/fr\/wp-json\/wp\/v2\/media?parent=3156"}],"wp:term":[{"taxonomy":"product_brand","embeddable":true,"href":"https:\/\/scollection.co\/fr\/wp-json\/wp\/v2\/product_brand?post=3156"},{"taxonomy":"product_cat","embeddable":true,"href":"https:\/\/scollection.co\/fr\/wp-json\/wp\/v2\/product_cat?post=3156"},{"taxonomy":"product_tag","embeddable":true,"href":"https:\/\/scollection.co\/fr\/wp-json\/wp\/v2\/product_tag?post=3156"}],"curies":[{"name":"wp","href":"https:\/\/api.w.org\/{rel}","templated":true}]}}