{"id":3778,"date":"2025-05-07T05:39:08","date_gmt":"2025-05-07T05:39:08","guid":{"rendered":"https:\/\/scollection.co\/?post_type=product&#038;p=3778"},"modified":"2026-01-01T00:23:58","modified_gmt":"2026-01-01T00:23:58","slug":"unisex-white-polo","status":"publish","type":"product","link":"https:\/\/scollection.co\/fr\/produit\/unisex-white-polo\/","title":{"rendered":"Polo blanc unisexe personnalisable"},"content":{"rendered":"<p class=\"\" data-start=\"70\" data-end=\"183\"><strong data-start=\"70\" data-end=\"183\">Red\u00e9finissez votre style cette saison avec notre polo unisexe \u2014 la pi\u00e8ce parfaite pour un look d\u00e9contract\u00e9 mais raffin\u00e9.<\/strong><\/p>\n<ul data-start=\"185\" data-end=\"402\">\n<li class=\"\" data-start=\"185\" data-end=\"220\">\n<p class=\"\" data-start=\"187\" data-end=\"220\">Coton 100% pour un confort optimal<\/p>\n<\/li>\n<li class=\"\" data-start=\"221\" data-end=\"238\">\n<p class=\"\" data-start=\"223\" data-end=\"238\">Manches courtes<\/p>\n<\/li>\n<li class=\"\" data-start=\"239\" data-end=\"282\">\n<p class=\"\" data-start=\"241\" data-end=\"282\">Col polo classique avec patte de boutonnage<\/p>\n<\/li>\n<li class=\"\" data-start=\"283\" data-end=\"307\">\n<p class=\"\" data-start=\"285\" data-end=\"307\">Coupe moderne et ajust\u00e9e<\/p>\n<\/li>\n<li class=\"\" data-start=\"308\" data-end=\"357\">\n<p class=\"\" data-start=\"310\" data-end=\"357\">Se marie parfaitement avec un jean, un chino ou un short<\/p>\n<\/li>\n<li class=\"\" data-start=\"358\" data-end=\"402\">\n<p class=\"\" data-start=\"360\" data-end=\"402\">Disponible dans une vari\u00e9t\u00e9 de couleurs et de tailles<\/p>\n<\/li>\n<\/ul>\n<p class=\"\" data-start=\"404\" data-end=\"424\"><strong data-start=\"404\" data-end=\"424\">Fabriqu\u00e9 au Pakistan<\/strong><\/p>\n<p class=\"\" data-start=\"426\" data-end=\"450\"><strong data-start=\"426\" data-end=\"448\">Conseils d&#039;entretien :<\/strong><\/p>\n<ul data-start=\"451\" data-end=\"565\">\n<li class=\"\" data-start=\"451\" data-end=\"481\">\n<p class=\"\" data-start=\"453\" data-end=\"481\">Repasser \u00e0 temp\u00e9rature moyenne<\/p>\n<\/li>\n<li class=\"\" data-start=\"482\" data-end=\"502\">\n<p class=\"\" data-start=\"484\" data-end=\"502\">Ne pas nettoyer \u00e0 sec<\/p>\n<\/li>\n<li class=\"\" data-start=\"503\" data-end=\"524\">\n<p class=\"\" data-start=\"505\" data-end=\"524\">Ne pas s\u00e9cher en machine<\/p>\n<\/li>\n<li class=\"\" data-start=\"525\" data-end=\"549\">\n<p class=\"\" data-start=\"527\" data-end=\"549\">Lavage en machine \u00e0 40\u00b0C<\/p>\n<\/li>\n<li class=\"\" data-start=\"550\" data-end=\"565\">\n<p class=\"\" data-start=\"552\" data-end=\"565\">Ne pas javelliser<\/p>\n<\/li>\n<\/ul>\n<p class=\"\" data-start=\"567\" data-end=\"579\"><strong data-start=\"567\" data-end=\"575\">R\u00c9F:<\/strong> P05<\/p>\n<p class=\"\" data-start=\"581\" data-end=\"631\"><em data-start=\"581\" data-end=\"631\">Attention : les couleurs et les tailles peuvent varier l\u00e9g\u00e8rement.<\/em><\/p>","protected":false},"excerpt":{"rendered":"<p>Optez pour une \u00e9l\u00e9gance sur mesure avec notre polo personnalisable. Confortable, \u00e9l\u00e9gant et unique, il refl\u00e8te votre identit\u00e9 gr\u00e2ce \u00e0 son imprim\u00e9 personnalis\u00e9. Parfait pour un look professionnel ou d\u00e9contract\u00e9.<\/p>","protected":false},"featured_media":4958,"comment_status":"open","ping_status":"closed","template":"","meta":[],"product_brand":[101],"product_cat":[100],"product_tag":[],"class_list":{"0":"post-3778","1":"product","2":"type-product","3":"status-publish","4":"has-post-thumbnail","6":"product_brand-scollection","7":"product_cat-polo-shirt","9":"first","10":"instock","11":"shipping-taxable","12":"purchasable","13":"product-type-variable","14":"has-default-attributes"},"_links":{"self":[{"href":"https:\/\/scollection.co\/fr\/wp-json\/wp\/v2\/product\/3778","targetHints":{"allow":["GET"]}}],"collection":[{"href":"https:\/\/scollection.co\/fr\/wp-json\/wp\/v2\/product"}],"about":[{"href":"https:\/\/scollection.co\/fr\/wp-json\/wp\/v2\/types\/product"}],"replies":[{"embeddable":true,"href":"https:\/\/scollection.co\/fr\/wp-json\/wp\/v2\/comments?post=3778"}],"wp:featuredmedia":[{"embeddable":true,"href":"https:\/\/scollection.co\/fr\/wp-json\/wp\/v2\/media\/4958"}],"wp:attachment":[{"href":"https:\/\/scollection.co\/fr\/wp-json\/wp\/v2\/media?parent=3778"}],"wp:term":[{"taxonomy":"product_brand","embeddable":true,"href":"https:\/\/scollection.co\/fr\/wp-json\/wp\/v2\/product_brand?post=3778"},{"taxonomy":"product_cat","embeddable":true,"href":"https:\/\/scollection.co\/fr\/wp-json\/wp\/v2\/product_cat?post=3778"},{"taxonomy":"product_tag","embeddable":true,"href":"https:\/\/scollection.co\/fr\/wp-json\/wp\/v2\/product_tag?post=3778"}],"curies":[{"name":"wp","href":"https:\/\/api.w.org\/{rel}","templated":true}]}}