{"id":5035,"date":"2025-05-24T22:18:06","date_gmt":"2025-05-24T22:18:06","guid":{"rendered":"https:\/\/scollection.co\/?post_type=product&#038;p=5035"},"modified":"2025-11-30T14:25:00","modified_gmt":"2025-11-30T14:25:00","slug":"dtf-transferts-au-metre","status":"publish","type":"product","link":"https:\/\/scollection.co\/fr\/produit\/dtf-transferts-au-metre\/","title":{"rendered":"Transferts DTF (au m\u00e8tre)"},"content":{"rendered":"<p class=\"\" data-start=\"232\" data-end=\"533\">D\u00e9couvrez nos solutions de marquage textile avec des transferts DTF de haute qualit\u00e9, parfaits pour personnaliser vos v\u00eatements, cabas, casquettes et bien plus encore.<br data-start=\"403\" data-end=\"406\" \/>Profitez de couleurs \u00e9clatantes, d&#039;une excellente tenue au lavage et d&#039;un rendu impeccable, m\u00eame sur les d\u00e9tails les plus fins.<\/p>\n<p class=\"\" data-start=\"535\" data-end=\"846\">\ud83d\udca5 <strong data-start=\"538\" data-end=\"579\">Tarifs d\u00e9gressifs selon les quantit\u00e9s<\/strong> : plus vous commandez, plus le prix \u00e0 l&#039;unit\u00e9 diminue.<br data-start=\"634\" data-end=\"637\" \/>\ud83d\udca5 <strong data-start=\"640\" data-end=\"665\">Formats personnalis\u00e9s<\/strong> : petits logos, grands visuels\u2026 \u00e0 vous de choisir.<br data-start=\"740\" data-end=\"743\" \/>\ud83d\udca5 <strong data-start=\"746\" data-end=\"769\">Options disponibles<\/strong> : fond blanc, fond transparent, effet sp\u00e9cial, etc.<\/p>\n<p data-start=\"535\" data-end=\"846\">Contactez-nous pour commander, par Whatsapp ou via notre mail en cliquant sur les ic\u00f4nes qui s&#039;affichent sur le cot\u00e9.<\/p>","protected":false},"excerpt":{"rendered":"<p>D\u00e9couvrez nos solutions de marquage textile avec des transferts DTF de haute qualit\u00e9, parfaits pour personnaliser vos v\u00eatements, tote bags, casquettes et bien plus encore.Profitez de couleurs \u00e9clatantes, d\u2019une excellente tenue au lavage et d\u2019un rendu impeccable, m\u00eame sur les d\u00e9tails les plus fins. \ud83d\udca5 Tarifs d\u00e9gressifs selon les quantit\u00e9s : plus vous commandez, plus<\/p>\n<div class=\"klb-readmore entry-button\"><a class=\"btn link\" href=\"https:\/\/scollection.co\/fr\/produit\/dtf-transferts-au-metre\/\">Read More <i class=\"klbth-icon-right-arrow\"><\/i><\/a><\/div>","protected":false},"featured_media":6876,"comment_status":"open","ping_status":"closed","template":"","meta":[],"product_brand":[101],"product_cat":[15],"product_tag":[],"class_list":{"0":"post-5035","1":"product","2":"type-product","3":"status-publish","4":"has-post-thumbnail","6":"product_brand-scollection","7":"product_cat-customization","9":"first","10":"instock","11":"shipping-taxable","12":"purchasable","13":"product-type-variable"},"_links":{"self":[{"href":"https:\/\/scollection.co\/fr\/wp-json\/wp\/v2\/product\/5035","targetHints":{"allow":["GET"]}}],"collection":[{"href":"https:\/\/scollection.co\/fr\/wp-json\/wp\/v2\/product"}],"about":[{"href":"https:\/\/scollection.co\/fr\/wp-json\/wp\/v2\/types\/product"}],"replies":[{"embeddable":true,"href":"https:\/\/scollection.co\/fr\/wp-json\/wp\/v2\/comments?post=5035"}],"wp:featuredmedia":[{"embeddable":true,"href":"https:\/\/scollection.co\/fr\/wp-json\/wp\/v2\/media\/6876"}],"wp:attachment":[{"href":"https:\/\/scollection.co\/fr\/wp-json\/wp\/v2\/media?parent=5035"}],"wp:term":[{"taxonomy":"product_brand","embeddable":true,"href":"https:\/\/scollection.co\/fr\/wp-json\/wp\/v2\/product_brand?post=5035"},{"taxonomy":"product_cat","embeddable":true,"href":"https:\/\/scollection.co\/fr\/wp-json\/wp\/v2\/product_cat?post=5035"},{"taxonomy":"product_tag","embeddable":true,"href":"https:\/\/scollection.co\/fr\/wp-json\/wp\/v2\/product_tag?post=5035"}],"curies":[{"name":"wp","href":"https:\/\/api.w.org\/{rel}","templated":true}]}}