{"id":5073,"date":"2025-05-28T09:02:04","date_gmt":"2025-05-28T09:02:04","guid":{"rendered":"https:\/\/scollection.co\/?post_type=product&#038;p=5073"},"modified":"2025-06-17T06:19:22","modified_gmt":"2025-06-17T06:19:22","slug":"5073","status":"publish","type":"product","link":"https:\/\/scollection.co\/fr\/produit\/5073\/","title":{"rendered":"Tablier noir personnalisable"},"content":{"rendered":"<p>Ce tablier en polyester 100% allie durabilit\u00e9 et confort, id\u00e9al pour tous vos besoins en cuisine, loisirs cr\u00e9atifs ou jardinage. Personnalisable, il vous permet d&#039;afficher vos motifs, logos ou cr\u00e9ations pr\u00e9f\u00e9r\u00e9s et d&#039;ajouter une touche unique \u00e0 votre style. Disponible en noir \u00e9l\u00e9gant, ce tablier est \u00e0 la fois polyvalent et pratique, gr\u00e2ce \u00e0 son tissu lisse, facile \u00e0 nettoyer et \u00e0 entretenir. Que vous soyez chef professionnel ou simple amateur de cuisine, ce tablier vous prot\u00e9gera tout en exprimant votre personnalit\u00e9. Id\u00e9al pour offrir, pour un \u00e9v\u00e9nement ou pour un usage personnel, personnalisez ce tablier avec un design qui vous ressemble\u00a0!<\/p>","protected":false},"excerpt":{"rendered":"<p>Personnalisez votre propre tablier !<\/p>","protected":false},"featured_media":5074,"comment_status":"open","ping_status":"closed","template":"","meta":[],"product_brand":[101],"product_cat":[179],"product_tag":[],"class_list":{"0":"post-5073","1":"product","2":"type-product","3":"status-publish","4":"has-post-thumbnail","6":"product_brand-scollection","7":"product_cat-accesories","9":"first","10":"instock","11":"sale","12":"shipping-taxable","13":"purchasable","14":"product-type-simple"},"_links":{"self":[{"href":"https:\/\/scollection.co\/fr\/wp-json\/wp\/v2\/product\/5073","targetHints":{"allow":["GET"]}}],"collection":[{"href":"https:\/\/scollection.co\/fr\/wp-json\/wp\/v2\/product"}],"about":[{"href":"https:\/\/scollection.co\/fr\/wp-json\/wp\/v2\/types\/product"}],"replies":[{"embeddable":true,"href":"https:\/\/scollection.co\/fr\/wp-json\/wp\/v2\/comments?post=5073"}],"wp:featuredmedia":[{"embeddable":true,"href":"https:\/\/scollection.co\/fr\/wp-json\/wp\/v2\/media\/5074"}],"wp:attachment":[{"href":"https:\/\/scollection.co\/fr\/wp-json\/wp\/v2\/media?parent=5073"}],"wp:term":[{"taxonomy":"product_brand","embeddable":true,"href":"https:\/\/scollection.co\/fr\/wp-json\/wp\/v2\/product_brand?post=5073"},{"taxonomy":"product_cat","embeddable":true,"href":"https:\/\/scollection.co\/fr\/wp-json\/wp\/v2\/product_cat?post=5073"},{"taxonomy":"product_tag","embeddable":true,"href":"https:\/\/scollection.co\/fr\/wp-json\/wp\/v2\/product_tag?post=5073"}],"curies":[{"name":"wp","href":"https:\/\/api.w.org\/{rel}","templated":true}]}}