{"id":5182,"date":"2025-07-16T17:27:26","date_gmt":"2025-07-16T17:27:26","guid":{"rendered":"https:\/\/scollection.co\/?post_type=product&#038;p=5182"},"modified":"2026-01-02T16:08:31","modified_gmt":"2026-01-02T16:08:31","slug":"cus","status":"publish","type":"product","link":"https:\/\/scollection.co\/fr\/produit\/cus\/","title":{"rendered":"Customizable cap"},"content":{"rendered":"<p style=\"padding-left: 40px;\">Ajoutez votre touche unique sur nos casquettes 100% en polyester, l\u00e9g\u00e8res et confortables. Gr\u00e2ce \u00e0 la fermeture r\u00e9glable, profitez d&#039;un maintien parfait pour toutes vos activit\u00e9s. Id\u00e9ale pour un look streetwear, sportif ou \u00e9v\u00e9nementiel \u2014 personnalisez-la selon vos envies !<\/p>","protected":false},"excerpt":{"rendered":"<p>Ajoutez votre touche unique sur nos casquettes 100% en polyester, l\u00e9g\u00e8res et confortables. Gr\u00e2ce \u00e0 la fermeture r\u00e9glable, profitez d&#039;un maintien parfait pour toutes vos activit\u00e9s. Id\u00e9ale pour un look streetwear, sportif ou \u00e9v\u00e9nementiel \u2014 personnalisez-la selon vos envies !<\/p>","protected":false},"featured_media":5195,"comment_status":"open","ping_status":"closed","template":"","meta":[],"product_brand":[101],"product_cat":[179],"product_tag":[],"class_list":{"0":"post-5182","1":"product","2":"type-product","3":"status-publish","4":"has-post-thumbnail","6":"product_brand-scollection","7":"product_cat-accesories","9":"first","10":"instock","11":"sale","12":"shipping-taxable","13":"purchasable","14":"product-type-variable"},"_links":{"self":[{"href":"https:\/\/scollection.co\/fr\/wp-json\/wp\/v2\/product\/5182","targetHints":{"allow":["GET"]}}],"collection":[{"href":"https:\/\/scollection.co\/fr\/wp-json\/wp\/v2\/product"}],"about":[{"href":"https:\/\/scollection.co\/fr\/wp-json\/wp\/v2\/types\/product"}],"replies":[{"embeddable":true,"href":"https:\/\/scollection.co\/fr\/wp-json\/wp\/v2\/comments?post=5182"}],"wp:featuredmedia":[{"embeddable":true,"href":"https:\/\/scollection.co\/fr\/wp-json\/wp\/v2\/media\/5195"}],"wp:attachment":[{"href":"https:\/\/scollection.co\/fr\/wp-json\/wp\/v2\/media?parent=5182"}],"wp:term":[{"taxonomy":"product_brand","embeddable":true,"href":"https:\/\/scollection.co\/fr\/wp-json\/wp\/v2\/product_brand?post=5182"},{"taxonomy":"product_cat","embeddable":true,"href":"https:\/\/scollection.co\/fr\/wp-json\/wp\/v2\/product_cat?post=5182"},{"taxonomy":"product_tag","embeddable":true,"href":"https:\/\/scollection.co\/fr\/wp-json\/wp\/v2\/product_tag?post=5182"}],"curies":[{"name":"wp","href":"https:\/\/api.w.org\/{rel}","templated":true}]}}