{"id":5511,"date":"2025-09-06T08:23:49","date_gmt":"2025-09-06T08:23:49","guid":{"rendered":"https:\/\/scollection.co\/?post_type=product&#038;p=5511"},"modified":"2026-02-06T14:09:33","modified_gmt":"2026-02-06T14:09:33","slug":"t-shirt-a-personnaliser-avec-logo-et-slogan-entreprise-ou-association","status":"publish","type":"product","link":"https:\/\/scollection.co\/fr\/produit\/t-shirt-a-personnaliser-avec-logo-et-slogan-entreprise-ou-association\/","title":{"rendered":"T-shirt \u00e0 personnaliser avec logo et slogan entreprise ou association"},"content":{"rendered":"<p data-start=\"135\" data-end=\"396\"><strong data-start=\"137\" data-end=\"169\">T-shirt personnalisable<\/strong> \ud83d\udc55<br data-start=\"172\" data-end=\"175\" \/>Un support id\u00e9al pour mettre en avant votre <strong data-start=\"219\" data-end=\"233\">entreprise<\/strong> ou <strong data-start=\"237\" data-end=\"252\">association<\/strong>. Con\u00e7u en <strong data-start=\"263\" data-end=\"295\">100% coton doux et r\u00e9sistant<\/strong>, il allie confort et durabilit\u00e9, parfait pour vos \u00e9v\u00e9nements, \u00e9quipes ou communication visuelle.<\/p>\n<p data-start=\"398\" data-end=\"572\">\u2705 Donnez votre <strong data-start=\"414\" data-end=\"422\">logo<\/strong> et votre <strong data-start=\"432\" data-end=\"442\">slogan<\/strong><br data-start=\"442\" data-end=\"445\" \/>\u2705 Coupe confortable et moderne<br data-start=\"475\" data-end=\"478\" \/>\u2705 Mati\u00e8re respirante et solide<br data-start=\"508\" data-end=\"511\" \/>\u2705 Id\u00e9al pour associations, entreprises, clubs ou \u00e9v\u00e9nements<\/p>","protected":false},"excerpt":{"rendered":"<p>Vous avez la possibilit\u00e9 d&#039;imprimer votre visuel <strong data-start=\"659\" data-end=\"672\">\u00e0 l&#039;avant<\/strong> et <strong data-start=\"676\" data-end=\"691\">\u00e0 l&#039;arri\u00e8re<\/strong> mon t-shirt.<br data-start=\"703\" data-end=\"706\" \/>\ud83d\udc49 Merci de t\u00e9l\u00e9charger votre logo et slogan en haute r\u00e9solution dans la case <strong data-start=\"743\" data-end=\"758\" data-is-only-node=\"\">commentaire<\/strong> avant de valider votre commande ou alors l&#039;envoyer par mail \u00e0 shop@scollection.co<\/p>","protected":false},"featured_media":5545,"comment_status":"open","ping_status":"closed","template":"","meta":[],"product_brand":[101],"product_cat":[99],"product_tag":[],"class_list":{"0":"post-5511","1":"product","2":"type-product","3":"status-publish","4":"has-post-thumbnail","6":"product_brand-scollection","7":"product_cat-t-shirt","9":"first","10":"instock","11":"shipping-taxable","12":"purchasable","13":"product-type-variable"},"_links":{"self":[{"href":"https:\/\/scollection.co\/fr\/wp-json\/wp\/v2\/product\/5511","targetHints":{"allow":["GET"]}}],"collection":[{"href":"https:\/\/scollection.co\/fr\/wp-json\/wp\/v2\/product"}],"about":[{"href":"https:\/\/scollection.co\/fr\/wp-json\/wp\/v2\/types\/product"}],"replies":[{"embeddable":true,"href":"https:\/\/scollection.co\/fr\/wp-json\/wp\/v2\/comments?post=5511"}],"wp:featuredmedia":[{"embeddable":true,"href":"https:\/\/scollection.co\/fr\/wp-json\/wp\/v2\/media\/5545"}],"wp:attachment":[{"href":"https:\/\/scollection.co\/fr\/wp-json\/wp\/v2\/media?parent=5511"}],"wp:term":[{"taxonomy":"product_brand","embeddable":true,"href":"https:\/\/scollection.co\/fr\/wp-json\/wp\/v2\/product_brand?post=5511"},{"taxonomy":"product_cat","embeddable":true,"href":"https:\/\/scollection.co\/fr\/wp-json\/wp\/v2\/product_cat?post=5511"},{"taxonomy":"product_tag","embeddable":true,"href":"https:\/\/scollection.co\/fr\/wp-json\/wp\/v2\/product_tag?post=5511"}],"curies":[{"name":"wp","href":"https:\/\/api.w.org\/{rel}","templated":true}]}}