{"id":6130,"date":"2025-09-18T16:12:07","date_gmt":"2025-09-18T16:12:07","guid":{"rendered":"https:\/\/scollection.co\/?post_type=product&#038;p=6130"},"modified":"2026-01-02T16:23:26","modified_gmt":"2026-01-02T16:23:26","slug":"sweat-shirt-palestine-100-coton-doux-2","status":"publish","type":"product","link":"https:\/\/scollection.co\/fr\/produit\/sweat-shirt-palestine-100-coton-doux-2\/","title":{"rendered":"Sweat-shirt Palestine 100% coton doux"},"content":{"rendered":"<p data-start=\"133\" data-end=\"422\">Affiche ton style avec notre <strong data-start=\"162\" data-end=\"190\">sweat 100% coton premium<\/strong> personnalis\u00e9 avec le design Palestine. Doux, respirant et durable, il allie confort et \u00e9l\u00e9gance au quotidien.<br data-start=\"302\" data-end=\"305\" \/>Disponible en <strong data-start=\"319\" data-end=\"332\">5 tailles<\/strong> (S, M, L, XL, XXL) et en <strong data-start=\"358\" data-end=\"382\">5 couleurs tendances<\/strong>, ce sweat s\u2019adapte \u00e0 tous les styles.<\/p>\n<p data-start=\"424\" data-end=\"650\">\u2714\ufe0f <strong data-start=\"427\" data-end=\"440\">Mati\u00e8re <\/strong>100% coton de qualit\u00e9 sup\u00e9rieure<br data-start=\"473\" data-end=\"476\" \/>\u2714\ufe0f <strong data-start=\"479\" data-end=\"500\">Design exclusif\u00a0<\/strong><br data-start=\"512\" data-end=\"515\" \/>\u2714\ufe0f <strong data-start=\"518\" data-end=\"531\">Tailles <\/strong>S au XXL<br data-start=\"540\" data-end=\"543\" \/>\u2714\ufe0f 5 coloris au choix<br data-start=\"579\" data-end=\"582\" \/>\u2714\ufe0f <strong data-start=\"585\" data-end=\"611\">Confort &amp; durabilit\u00e9 :<\/strong> id\u00e9al pour un look casual ou sportif<\/p>\n<p data-start=\"652\" data-end=\"743\">\ud83c\udf81 Parfait pour offrir un cadeau unique et personnalis\u00e9.<\/p>","protected":false},"excerpt":{"rendered":"<p>Affiche ton style avec notre sweat 100% coton premium personnalis\u00e9 avec le design Palestine. Doux, respirant et durable, il allie confort et \u00e9l\u00e9gance au quotidien.Disponible en 5 tailles (S, M, L, XL, XXL) et en 5 couleurs tendances, ce sweat s\u2019adapte \u00e0 tous les styles. \u2714\ufe0f Mati\u00e8re 100% coton de qualit\u00e9 sup\u00e9rieure\u2714\ufe0f Design exclusif\u00a0\u2714\ufe0f Tailles<\/p>\n<div class=\"klb-readmore entry-button\"><a class=\"btn link\" href=\"https:\/\/scollection.co\/fr\/produit\/sweat-shirt-palestine-100-coton-doux-2\/\">Read More <i class=\"klbth-icon-right-arrow\"><\/i><\/a><\/div>","protected":false},"featured_media":5937,"comment_status":"open","ping_status":"closed","template":"","meta":[],"product_brand":[],"product_cat":[97],"product_tag":[],"class_list":{"0":"post-6130","1":"product","2":"type-product","3":"status-publish","4":"has-post-thumbnail","6":"product_cat-sweatshirts","8":"first","9":"instock","10":"shipping-taxable","11":"purchasable","12":"product-type-variable"},"_links":{"self":[{"href":"https:\/\/scollection.co\/fr\/wp-json\/wp\/v2\/product\/6130","targetHints":{"allow":["GET"]}}],"collection":[{"href":"https:\/\/scollection.co\/fr\/wp-json\/wp\/v2\/product"}],"about":[{"href":"https:\/\/scollection.co\/fr\/wp-json\/wp\/v2\/types\/product"}],"replies":[{"embeddable":true,"href":"https:\/\/scollection.co\/fr\/wp-json\/wp\/v2\/comments?post=6130"}],"wp:featuredmedia":[{"embeddable":true,"href":"https:\/\/scollection.co\/fr\/wp-json\/wp\/v2\/media\/5937"}],"wp:attachment":[{"href":"https:\/\/scollection.co\/fr\/wp-json\/wp\/v2\/media?parent=6130"}],"wp:term":[{"taxonomy":"product_brand","embeddable":true,"href":"https:\/\/scollection.co\/fr\/wp-json\/wp\/v2\/product_brand?post=6130"},{"taxonomy":"product_cat","embeddable":true,"href":"https:\/\/scollection.co\/fr\/wp-json\/wp\/v2\/product_cat?post=6130"},{"taxonomy":"product_tag","embeddable":true,"href":"https:\/\/scollection.co\/fr\/wp-json\/wp\/v2\/product_tag?post=6130"}],"curies":[{"name":"wp","href":"https:\/\/api.w.org\/{rel}","templated":true}]}}